{"id":2711,"date":"2025-02-15T00:53:34","date_gmt":"2025-02-15T00:53:34","guid":{"rendered":"https:\/\/hidalgodelparral.chihuahua.gob.mx\/?page_id=2711"},"modified":"2025-02-15T00:57:02","modified_gmt":"2025-02-15T00:57:02","slug":"licitaciones-publicas","status":"publish","type":"page","link":"https:\/\/hidalgodelparral.chihuahua.gob.mx\/?page_id=2711","title":{"rendered":"Licitaciones p\u00fablicas"},"content":{"rendered":"<div id='av_section_1'  class='avia-section av-6a5rxz-277a5aada813d16baf5e889414fb1e2f main_color avia-section-default avia-no-border-styling  avia-builder-el-0  avia-builder-el-no-sibling  avia-bg-style-scroll container_wrap fullsize'  ><div class='container av-section-cont-open' ><main  role=\"main\" itemprop=\"mainContentOfPage\"  class='template-page content  av-content-full alpha units'><div class='post-entry post-entry-type-page post-entry-2711'><div class='entry-content-wrapper clearfix'>\n<div  class='flex_column av-3hivk7-6810497652ce4444961995e56b107d78 av_one_full  avia-builder-el-1  avia-builder-el-no-sibling  first flex_column_div  '     ><div  class='av-alb-blogposts template-blog  '  itemscope=\"itemscope\" itemtype=\"https:\/\/schema.org\/Blog\" ><article class=\"post-entry post-entry-type-standard post-entry-10964 post-loop-1 post-parity-odd single-big  post-10964 post type-post status-publish format-standard hentry category-licitacion-publica\"  itemscope=\"itemscope\" itemtype=\"https:\/\/schema.org\/BlogPosting\" ><div class=\"blog-meta\"><\/div><div class='entry-content-wrapper clearfix standard-content'><header class=\"entry-content-header\" aria-label=\"Post: ACTA DE JUNTA DE ACLARACIONES DE LA LICITACION PUBLICA MP-OM-01\/26\"><h2 class='post-title entry-title '  itemprop=\"headline\" ><a href=\"https:\/\/hidalgodelparral.chihuahua.gob.mx\/?p=10964\" rel=\"bookmark\" title=\"Permanent Link: ACTA DE JUNTA DE ACLARACIONES DE LA LICITACION PUBLICA MP-OM-01\/26\">ACTA DE JUNTA DE ACLARACIONES DE LA LICITACION PUBLICA MP-OM-01\/26<span class=\"post-format-icon minor-meta\"><\/span><\/a><\/h2><span class=\"post-meta-infos\"><time class=\"date-container minor-meta updated\"  itemprop=\"datePublished\" datetime=\"2026-03-17T21:30:52+00:00\" >17 marzo, 2026<\/time><span class=\"text-sep\">\/<\/span><span class=\"blog-categories minor-meta\">in <a href=\"https:\/\/hidalgodelparral.chihuahua.gob.mx\/?cat=21\" rel=\"tag\">Licitaci\u00f3n P\u00fablica<\/a><\/span><span class=\"text-sep\">\/<\/span><span class=\"blog-author minor-meta\">by <span class=\"entry-author-link\"  itemprop=\"author\" ><span class=\"author\"><span class=\"fn\"><a href=\"https:\/\/hidalgodelparral.chihuahua.gob.mx\/?author=1\" title=\"Entradas de admin24\" rel=\"author\">admin24<\/a><\/span><\/span><\/span><\/span><\/span><\/header><div class=\"entry-content\"  itemprop=\"text\" ><p><a href=\"https:\/\/hidalgodelparral.chihuahua.gob.mx\/wp-content\/uploads\/2026\/03\/JUNTA-ACALARACIONES-LICITACION-MP-OM-0126.pdf\">JUNTA ACALARACIONES LICITACION MP-OM-0126<\/a><\/p>\n<p><strong>Acta de la junta de aclaraciones de la licitaci\u00f3n p\u00fablica presencial No. MP-OM-01\/26, relativa a la adquisici\u00f3n de medicamentos para el servicio m\u00e9dico de los trabajadores del Municipio de Hidalgo del Parral, Chihuahua, bajo la modalidad de contrato abierto por el periodo del 01 de abril al 31 de diciembre de 2026.<\/strong><\/p>\n\n<p>En Parral, Chihuahua, siendo las 14:02 horas del d\u00eda 17 de marzo del a\u00f1o 2026, reunidos en las instalaciones del Municipio de Hidalgo del Parral, Chihuahua, con domicilio en Francisco Sarabia y Rep\u00fablica de Cuba, Colonia Am\u00e9ricas, C.P. 33880, para realizar la junta de aclaraciones relativa la licitaci\u00f3n p\u00fablica presencial n\u00famero MP-OM-01\/26, con fundamento en los art\u00edculos 58 y 59 de la Ley de Adquisiciones, Arrendamientos y Contrataci\u00f3n de Servicios del Estado de Chihuahua \u00a0y el apartado II\u00a0 de las bases rectoras del presente procedimiento.<\/p>\n\n<p>Representan en este acto al Municipio de Hidalgo del Parral, el Ing. Mart\u00edn Ricardo Flores Moya los acompa\u00f1an la Lic. Olga Gabriela Ya\u00f1ez Moreno, el Lic. Manuel Antonio Hern\u00e1ndez Gonz\u00e1lez\u00a0 y \u00a0el Lic. Hugo Omar Arzola Esparza en representaci\u00f3n de la Lic. Dalila Cliceria Villalobos Villalobos,\u00a0 en sus respectivos\u00a0 caracteres de, Oficial Mayor y Presidente del Comit\u00e9 de Adquisiciones, Arrendamientos y Contrataci\u00f3n de Servicios del Municipio, Tesorero del Municipio, Regidor de la Comisi\u00f3n de Hacienda, Titular del \u00d3rgano Interno de Control, Asesor Jur\u00eddico, Secretario t\u00e9cnico y Sindica Municipal, respectivamente.<\/p>\n\n\n\n<\/div><footer class=\"entry-footer\"><\/footer><div class='post_delimiter'><\/div><\/div><div class=\"post_author_timeline\"><\/div><span class='hidden'>\n\t\t\t\t<span class='av-structured-data'  itemprop=\"image\" itemscope=\"itemscope\" itemtype=\"https:\/\/schema.org\/ImageObject\" >\n\t\t\t\t\t\t<span itemprop='url'>https:\/\/hidalgodelparral.chihuahua.gob.mx\/wp-content\/uploads\/2024\/11\/logo-enfold-300x138.png<\/span>\n\t\t\t\t\t\t<span itemprop='height'>0<\/span>\n\t\t\t\t\t\t<span itemprop='width'>0<\/span>\n\t\t\t\t<\/span>\n\t\t\t\t<span class='av-structured-data'  itemprop=\"publisher\" itemtype=\"https:\/\/schema.org\/Organization\" itemscope=\"itemscope\" >\n\t\t\t\t\t\t<span itemprop='name'>admin24<\/span>\n\t\t\t\t\t\t<span itemprop='logo' itemscope itemtype='https:\/\/schema.org\/ImageObject'>\n\t\t\t\t\t\t\t<span itemprop='url'>https:\/\/hidalgodelparral.chihuahua.gob.mx\/wp-content\/uploads\/2024\/11\/logo-enfold-300x138.png<\/span>\n\t\t\t\t\t\t<\/span>\n\t\t\t\t<\/span><span class='av-structured-data'  itemprop=\"author\" itemscope=\"itemscope\" itemtype=\"https:\/\/schema.org\/Person\" ><span itemprop='name'>admin24<\/span><\/span><span class='av-structured-data'  itemprop=\"datePublished\" datetime=\"2026-03-17T21:30:52+00:00\" >2026-03-17 21:30:52<\/span><span class='av-structured-data'  itemprop=\"dateModified\" itemtype=\"https:\/\/schema.org\/dateModified\" >2026-03-17 21:31:14<\/span><span class='av-structured-data'  itemprop=\"mainEntityOfPage\" itemtype=\"https:\/\/schema.org\/mainEntityOfPage\" ><span itemprop='name'>ACTA DE JUNTA DE ACLARACIONES DE LA LICITACION PUBLICA MP-OM-01\/26<\/span><\/span><\/span><\/article><article class=\"post-entry post-entry-type-standard post-entry-10852 post-loop-2 post-parity-even single-big  post-10852 post type-post status-publish format-standard hentry category-licitacion-publica\"  itemscope=\"itemscope\" itemtype=\"https:\/\/schema.org\/BlogPosting\" ><div class=\"blog-meta\"><\/div><div class='entry-content-wrapper clearfix standard-content'><header class=\"entry-content-header\" aria-label=\"Post: BASES PARA LA LICITACION PUBLICA PRESENCIAL MP-OM-01\/26\"><h2 class='post-title entry-title '  itemprop=\"headline\" ><a href=\"https:\/\/hidalgodelparral.chihuahua.gob.mx\/?p=10852\" rel=\"bookmark\" title=\"Permanent Link: BASES PARA LA LICITACION PUBLICA PRESENCIAL MP-OM-01\/26\">BASES PARA LA LICITACION PUBLICA PRESENCIAL MP-OM-01\/26<span class=\"post-format-icon minor-meta\"><\/span><\/a><\/h2><span class=\"post-meta-infos\"><time class=\"date-container minor-meta updated\"  itemprop=\"datePublished\" datetime=\"2026-03-12T16:21:23+00:00\" >12 marzo, 2026<\/time><span class=\"text-sep\">\/<\/span><span class=\"blog-categories minor-meta\">in <a href=\"https:\/\/hidalgodelparral.chihuahua.gob.mx\/?cat=21\" rel=\"tag\">Licitaci\u00f3n P\u00fablica<\/a><\/span><span class=\"text-sep\">\/<\/span><span class=\"blog-author minor-meta\">by <span class=\"entry-author-link\"  itemprop=\"author\" ><span class=\"author\"><span class=\"fn\"><a href=\"https:\/\/hidalgodelparral.chihuahua.gob.mx\/?author=1\" title=\"Entradas de admin24\" rel=\"author\">admin24<\/a><\/span><\/span><\/span><\/span><\/span><\/header><div class=\"entry-content\"  itemprop=\"text\" ><p><a href=\"https:\/\/hidalgodelparral.chihuahua.gob.mx\/wp-content\/uploads\/2026\/03\/BASES-OMLP0126-MEDICAMENTO.pdf\">BASES OMLP0126 MEDICAMENTO<\/a><\/p>\n<p>BASES<\/p>\n\n<p>A las que se sujetar\u00e1 el procedimiento de licitaci\u00f3n p\u00fablica presencial relativa a la <strong>adquisici\u00f3n de medicamentos, para personal del Municipio de Parral, bajo la modalidad de contrato abierto por el periodo del 01 de abril al 31 de diciembre de 2026<\/strong><strong>, <\/strong>con fundamento en el art\u00edculo 134 de la Constituci\u00f3n Pol\u00edtica de los Estados Unidos Mexicanos y en los art\u00edculos 40, 51 fracci\u00f3n I, 55, 56, 60, 83 y dem\u00e1s aplicables de la Ley de Adquisiciones, Arrendamientos y Contrataci\u00f3n de Servicios del Estado de Chihuahua.<\/p>\n<p><strong>\u00a0<\/strong><\/p>\n<ol>\n<li><strong> <u>INFORMACI\u00d3N GENERAL. <\/u><\/strong><\/li>\n<\/ol>\n\n<ol>\n<li><strong> &#8211; <\/strong>Municipio de Hidalgo del Parral, Chihuahua, con domicilio en Francisco Miranda y Rep\u00fablica de Cuba, Colonia Am\u00e9ricas, C.P. 33880, en Parral, Chihuahua.<\/li>\n<\/ol>\n\n<ol start=\"2026\">\n<li><strong>Origen de los recursos. &#8211;<\/strong> La adquisici\u00f3n objeto de la presente licitaci\u00f3n ser\u00e1 cubierto con recursos propios, correspondientes al ejercicio fiscal 2026.<\/li>\n<\/ol>\n\n<ol>\n<li><strong>Objeto de la licitaci\u00f3n. &#8211; <\/strong>La adquisici\u00f3n de medicamentos, para personal del Municipio de Parral, bajo la modalidad de contrato abierto por el periodo del 01 de abril al 31 de diciembre de 2026, conforme se detalla:<\/li>\n<\/ol>\n<\/div><footer class=\"entry-footer\"><\/footer><div class='post_delimiter'><\/div><\/div><div class=\"post_author_timeline\"><\/div><span class='hidden'>\n\t\t\t\t<span class='av-structured-data'  itemprop=\"image\" itemscope=\"itemscope\" itemtype=\"https:\/\/schema.org\/ImageObject\" >\n\t\t\t\t\t\t<span itemprop='url'>https:\/\/hidalgodelparral.chihuahua.gob.mx\/wp-content\/uploads\/2024\/11\/logo-enfold-300x138.png<\/span>\n\t\t\t\t\t\t<span itemprop='height'>0<\/span>\n\t\t\t\t\t\t<span itemprop='width'>0<\/span>\n\t\t\t\t<\/span>\n\t\t\t\t<span class='av-structured-data'  itemprop=\"publisher\" itemtype=\"https:\/\/schema.org\/Organization\" itemscope=\"itemscope\" >\n\t\t\t\t\t\t<span itemprop='name'>admin24<\/span>\n\t\t\t\t\t\t<span itemprop='logo' itemscope itemtype='https:\/\/schema.org\/ImageObject'>\n\t\t\t\t\t\t\t<span itemprop='url'>https:\/\/hidalgodelparral.chihuahua.gob.mx\/wp-content\/uploads\/2024\/11\/logo-enfold-300x138.png<\/span>\n\t\t\t\t\t\t<\/span>\n\t\t\t\t<\/span><span class='av-structured-data'  itemprop=\"author\" itemscope=\"itemscope\" itemtype=\"https:\/\/schema.org\/Person\" ><span itemprop='name'>admin24<\/span><\/span><span class='av-structured-data'  itemprop=\"datePublished\" datetime=\"2026-03-12T16:21:23+00:00\" >2026-03-12 16:21:23<\/span><span class='av-structured-data'  itemprop=\"dateModified\" itemtype=\"https:\/\/schema.org\/dateModified\" >2026-03-12 16:21:23<\/span><span class='av-structured-data'  itemprop=\"mainEntityOfPage\" itemtype=\"https:\/\/schema.org\/mainEntityOfPage\" ><span itemprop='name'>BASES PARA LA LICITACION PUBLICA PRESENCIAL MP-OM-01\/26<\/span><\/span><\/span><\/article><article class=\"post-entry post-entry-type-standard post-entry-10849 post-loop-3 post-parity-odd post-entry-last single-big  post-10849 post type-post status-publish format-standard hentry category-licitacion-publica\"  itemscope=\"itemscope\" itemtype=\"https:\/\/schema.org\/BlogPosting\" ><div class=\"blog-meta\"><\/div><div class='entry-content-wrapper clearfix standard-content'><header class=\"entry-content-header\" aria-label=\"Post: CONVOCATORIA PARA LA LICITACION PUBLICA MP-OM-01\/26\"><h2 class='post-title entry-title '  itemprop=\"headline\" ><a href=\"https:\/\/hidalgodelparral.chihuahua.gob.mx\/?p=10849\" rel=\"bookmark\" title=\"Permanent Link: CONVOCATORIA PARA LA LICITACION PUBLICA MP-OM-01\/26\">CONVOCATORIA PARA LA LICITACION PUBLICA MP-OM-01\/26<span class=\"post-format-icon minor-meta\"><\/span><\/a><\/h2><span class=\"post-meta-infos\"><time class=\"date-container minor-meta updated\"  itemprop=\"datePublished\" datetime=\"2026-03-12T16:19:37+00:00\" >12 marzo, 2026<\/time><span class=\"text-sep\">\/<\/span><span class=\"blog-categories minor-meta\">in <a href=\"https:\/\/hidalgodelparral.chihuahua.gob.mx\/?cat=21\" rel=\"tag\">Licitaci\u00f3n P\u00fablica<\/a><\/span><span class=\"text-sep\">\/<\/span><span class=\"blog-author minor-meta\">by <span class=\"entry-author-link\"  itemprop=\"author\" ><span class=\"author\"><span class=\"fn\"><a href=\"https:\/\/hidalgodelparral.chihuahua.gob.mx\/?author=1\" title=\"Entradas de admin24\" rel=\"author\">admin24<\/a><\/span><\/span><\/span><\/span><\/span><\/header><div class=\"entry-content\"  itemprop=\"text\" ><p><a href=\"https:\/\/hidalgodelparral.chihuahua.gob.mx\/wp-content\/uploads\/2026\/03\/CONVOCATORIA-MPOM0126.pdf\">CONVOCATORIA MPOM0126<\/a><\/p>\n<p><strong>\u00a0<\/strong><\/p>\n<p><strong>MUNICIPIO DE HIDALGO DEL PARRAL<\/strong><\/p>\n<p><strong>CONVOCATORIA<\/strong><\/p>\n<p>LICITACI\u00d3N P\u00daBLICA PRESENCIAL MP-OM-01\/26<\/p>\n\n<p>El Municipio de Hidalgo del Parral, Chihuahua, a trav\u00e9s de su Comit\u00e9 de Adquisiciones, Arrendamientos y Servicios, en cumplimiento a las disposiciones contenidas en el art\u00edculo 134 de la Constituci\u00f3n Pol\u00edtica de los Estados Unidos Mexicanos y en los art\u00edculos 40, 47, 51, 53, 54, 60 y dem\u00e1s relativos de la Ley de Adquisiciones, Arrendamientos y Contrataci\u00f3n de Servicios del Estado de Chihuahua, convoca a los interesados en participar en la licitaci\u00f3n p\u00fablica presencial <strong>MP-OM-01\/2026, <\/strong>\u00a0relativa a la adquisici\u00f3n de medicamentos, para personal del Municipio de Parral, bajo la modalidad de contrato abierto por el periodo del 01 de abril al 31 de diciembre de 2026, conforme se detalla:<\/p>\n<table width=\"595\">\n<tbody>\n<tr>\n<td width=\"66\"><strong>Partida<\/strong><\/td>\n<td width=\"312\"><strong>Concepto<\/strong><\/td>\n<td width=\"113\"><strong>Monto m\u00ednimo<\/strong><\/td>\n<td width=\"104\"><strong>Monto m\u00e1ximo<\/strong><\/td>\n<\/tr>\n<tr>\n<td width=\"66\"><strong>\u00danica<\/strong><\/td>\n<td width=\"312\">Adquisici\u00f3n de medicamentos<\/td>\n<td width=\"113\">$1,560,000.00<\/td>\n<td width=\"104\">$3,900,000.00<\/td>\n<\/tr>\n<\/tbody>\n<\/table>\n\n<p>De acuerdo con las especificaciones contenidas en el anexo t\u00e9cnico de las bases rectoras.<\/p>\n<p><strong>\u00a0<\/strong><\/p>\n<p><strong>Calendario del proceso licitatorio e informaci\u00f3n relativa al fallo.<\/strong><\/p>\n<p><strong>\u00a0<\/strong><\/p>\n<table>\n<tbody>\n<tr>\n<td><strong>Disposici\u00f3n de las bases<\/strong><\/td>\n<td><strong>Junta de aclaraciones<\/strong><\/td>\n<td><strong>Recepci\u00f3n y apertura de propuestas<\/strong><\/td>\n<td><strong>Fallo adjudicatorio<\/strong><\/td>\n<\/tr>\n<tr>\n<td>Del 11 al 26 de marzo de 2026<\/td>\n<td>17 de marzo 2026 a las 14:00 horas<\/td>\n<td>27 de marzo de 2026 a las 14:00 horas<\/td>\n<td>La fecha se dar\u00e1 a conocer en el acto de apertura de propuestas<\/td>\n<\/tr>\n<\/tbody>\n<\/table>\n<p>Los actos se celebrar\u00e1n en las instalaciones del Municipio de Hidalgo del Parral, Chihuahua, con domicilio en Francisco Miranda y Rep\u00fablica de Cuba, Colonia Am\u00e9ricas, C.P. 33880, y se ajustar\u00e1n a las fechas y horarios se\u00f1alados.<\/p>\n<p>Para intervenir en el acto de presentaci\u00f3n y apertura de propuestas, bastar\u00e1 que las personas licitantes presenten un escrito en el que su firmante manifieste, bajo protesta de decir verdad, que cuenta con facultades suficientes para comprometerse por s\u00ed o por su representada, sin que resulte necesario acreditar su personalidad jur\u00eddica.<\/p>\n<\/div><footer class=\"entry-footer\"><\/footer><div class='post_delimiter'><\/div><\/div><div class=\"post_author_timeline\"><\/div><span class='hidden'>\n\t\t\t\t<span class='av-structured-data'  itemprop=\"image\" itemscope=\"itemscope\" itemtype=\"https:\/\/schema.org\/ImageObject\" >\n\t\t\t\t\t\t<span itemprop='url'>https:\/\/hidalgodelparral.chihuahua.gob.mx\/wp-content\/uploads\/2024\/11\/logo-enfold-300x138.png<\/span>\n\t\t\t\t\t\t<span itemprop='height'>0<\/span>\n\t\t\t\t\t\t<span itemprop='width'>0<\/span>\n\t\t\t\t<\/span>\n\t\t\t\t<span class='av-structured-data'  itemprop=\"publisher\" itemtype=\"https:\/\/schema.org\/Organization\" itemscope=\"itemscope\" >\n\t\t\t\t\t\t<span itemprop='name'>admin24<\/span>\n\t\t\t\t\t\t<span itemprop='logo' itemscope itemtype='https:\/\/schema.org\/ImageObject'>\n\t\t\t\t\t\t\t<span itemprop='url'>https:\/\/hidalgodelparral.chihuahua.gob.mx\/wp-content\/uploads\/2024\/11\/logo-enfold-300x138.png<\/span>\n\t\t\t\t\t\t<\/span>\n\t\t\t\t<\/span><span class='av-structured-data'  itemprop=\"author\" itemscope=\"itemscope\" itemtype=\"https:\/\/schema.org\/Person\" ><span itemprop='name'>admin24<\/span><\/span><span class='av-structured-data'  itemprop=\"datePublished\" datetime=\"2026-03-12T16:19:37+00:00\" >2026-03-12 16:19:37<\/span><span class='av-structured-data'  itemprop=\"dateModified\" itemtype=\"https:\/\/schema.org\/dateModified\" >2026-03-12 16:19:37<\/span><span class='av-structured-data'  itemprop=\"mainEntityOfPage\" itemtype=\"https:\/\/schema.org\/mainEntityOfPage\" ><span itemprop='name'>CONVOCATORIA PARA LA LICITACION PUBLICA MP-OM-01\/26<\/span><\/span><\/span><\/article><div class='single-big'><nav class='pagination'><span class='pagination-meta'>Page 1 of 5<\/span><span class='current'>1<\/span><a href='https:\/\/hidalgodelparral.chihuahua.gob.mx\/index.php?rest_route=%2Fwp%2Fv2%2Fpages%2F2711&#038;paged=2' class='inactive next_page' >2<\/a><a href='https:\/\/hidalgodelparral.chihuahua.gob.mx\/index.php?rest_route=%2Fwp%2Fv2%2Fpages%2F2711&#038;paged=3' class='inactive' >3<\/a><a href='https:\/\/hidalgodelparral.chihuahua.gob.mx\/index.php?rest_route=%2Fwp%2Fv2%2Fpages%2F2711&#038;paged=4' class='inactive' >4<\/a><a href='https:\/\/hidalgodelparral.chihuahua.gob.mx\/index.php?rest_route=%2Fwp%2Fv2%2Fpages%2F2711&#038;paged=5' class='inactive' >5<\/a><\/nav>\n<\/div><\/div><\/div>\n","protected":false},"excerpt":{"rendered":"","protected":false},"author":1,"featured_media":0,"parent":0,"menu_order":0,"comment_status":"closed","ping_status":"closed","template":"","meta":{"footnotes":""},"class_list":["post-2711","page","type-page","status-publish","hentry"],"_links":{"self":[{"href":"https:\/\/hidalgodelparral.chihuahua.gob.mx\/index.php?rest_route=\/wp\/v2\/pages\/2711","targetHints":{"allow":["GET"]}}],"collection":[{"href":"https:\/\/hidalgodelparral.chihuahua.gob.mx\/index.php?rest_route=\/wp\/v2\/pages"}],"about":[{"href":"https:\/\/hidalgodelparral.chihuahua.gob.mx\/index.php?rest_route=\/wp\/v2\/types\/page"}],"author":[{"embeddable":true,"href":"https:\/\/hidalgodelparral.chihuahua.gob.mx\/index.php?rest_route=\/wp\/v2\/users\/1"}],"replies":[{"embeddable":true,"href":"https:\/\/hidalgodelparral.chihuahua.gob.mx\/index.php?rest_route=%2Fwp%2Fv2%2Fcomments&post=2711"}],"version-history":[{"count":4,"href":"https:\/\/hidalgodelparral.chihuahua.gob.mx\/index.php?rest_route=\/wp\/v2\/pages\/2711\/revisions"}],"predecessor-version":[{"id":10842,"href":"https:\/\/hidalgodelparral.chihuahua.gob.mx\/index.php?rest_route=\/wp\/v2\/pages\/2711\/revisions\/10842"}],"wp:attachment":[{"href":"https:\/\/hidalgodelparral.chihuahua.gob.mx\/index.php?rest_route=%2Fwp%2Fv2%2Fmedia&parent=2711"}],"curies":[{"name":"wp","href":"https:\/\/api.w.org\/{rel}","templated":true}]}}