{"id":2934,"date":"2025-02-22T00:00:35","date_gmt":"2025-02-22T00:00:35","guid":{"rendered":"https:\/\/hidalgodelparral.chihuahua.gob.mx\/?page_id=2934"},"modified":"2025-02-27T16:37:26","modified_gmt":"2025-02-27T16:37:26","slug":"comite-de-adquisiciones","status":"publish","type":"page","link":"https:\/\/hidalgodelparral.chihuahua.gob.mx\/?page_id=2934","title":{"rendered":"Comit\u00e9 de Adquisiciones"},"content":{"rendered":"<div id='av_section_1'  class='avia-section av-599c1i-a66682057e9b4d2855af5b8b3ffc9196 main_color avia-section-default avia-no-border-styling  avia-builder-el-0  avia-builder-el-no-sibling  avia-bg-style-scroll container_wrap fullsize'  ><div class='container av-section-cont-open' ><main  role=\"main\" itemprop=\"mainContentOfPage\"  class='template-page content  av-content-full alpha units'><div class='post-entry post-entry-type-page post-entry-2934'><div class='entry-content-wrapper clearfix'>\n<div  class='flex_column av-3x65ie-234ea451c85904fef83df3361f7a76f6 av_one_full  avia-builder-el-1  avia-builder-el-no-sibling  first flex_column_div  '     ><div  class='av-alb-blogposts template-blog  '  itemscope=\"itemscope\" itemtype=\"https:\/\/schema.org\/Blog\" ><article class=\"post-entry post-entry-type-standard post-entry-11220 post-loop-1 post-parity-odd single-big  post-11220 post type-post status-publish format-standard hentry category-comite-adquisicones\"  itemscope=\"itemscope\" itemtype=\"https:\/\/schema.org\/BlogPosting\" ><div class=\"blog-meta\"><\/div><div class='entry-content-wrapper clearfix standard-content'><header class=\"entry-content-header\" aria-label=\"Post: DICTAMEN DEL COMIT\u00c9 DE ADQUISICIONES, ARRENDAMIENTOS Y SERVICIOS DEL H. AYUNTAMIENTO DE HIDALGO DEL PARRAL\"><h2 class='post-title entry-title '  itemprop=\"headline\" ><a href=\"https:\/\/hidalgodelparral.chihuahua.gob.mx\/?p=11220\" rel=\"bookmark\" title=\"Permanent Link: DICTAMEN DEL COMIT\u00c9 DE ADQUISICIONES, ARRENDAMIENTOS Y SERVICIOS DEL H. AYUNTAMIENTO DE HIDALGO DEL PARRAL\">DICTAMEN DEL COMIT\u00c9 DE ADQUISICIONES, ARRENDAMIENTOS Y SERVICIOS DEL H. AYUNTAMIENTO DE HIDALGO DEL PARRAL<span class=\"post-format-icon minor-meta\"><\/span><\/a><\/h2><span class=\"post-meta-infos\"><time class=\"date-container minor-meta updated\"  itemprop=\"datePublished\" datetime=\"2026-05-13T15:53:37+00:00\" >13 mayo, 2026<\/time><span class=\"text-sep\">\/<\/span><span class=\"blog-categories minor-meta\">in <a href=\"https:\/\/hidalgodelparral.chihuahua.gob.mx\/?cat=23\" rel=\"tag\">Comit\u00e9 de compras y adquisiciones<\/a><\/span><span class=\"text-sep\">\/<\/span><span class=\"blog-author minor-meta\">by <span class=\"entry-author-link\"  itemprop=\"author\" ><span class=\"author\"><span class=\"fn\"><a href=\"https:\/\/hidalgodelparral.chihuahua.gob.mx\/?author=1\" title=\"Entradas de admin24\" rel=\"author\">admin24<\/a><\/span><\/span><\/span><\/span><\/span><\/header><div class=\"entry-content\"  itemprop=\"text\" >\n<p>EN LA CIUDAD DE HGO. DEL PARRAL, CHIH., SIENDO LAS 12:18 HORAS DEL D\u00cdA 24 DE MARZO DEL 2026, SE DA INICIO A LA SESI\u00d3NDEL COMIT\u00c9 DE ADQUISICIONES ARRENDAMIENTOS Y SERVICIOS DE LA ADMINISTRACI\u00d3N 2024-2027 DEL MUNICIPIO DE HIDALGO DEL PARRAL, CHIHUAHUA, ENCONTR\u00c1NDOSE PRESENTES,LOS CIUDADANOS;<strong><\/strong><\/p>\n\n\n\n<div data-wp-interactive=\"core\/file\" class=\"wp-block-file\"><object data-wp-bind--hidden=\"!state.hasPdfPreview\"  class=\"wp-block-file__embed\" data=\"https:\/\/hidalgodelparral.chihuahua.gob.mx\/wp-content\/uploads\/2026\/05\/DICTAMEN-COMITE-PROVEDORES-24-DE-MARZO_compressed-1.pdf\" type=\"application\/pdf\" style=\"width:100%;height:600px\" aria-label=\"Incrustado de DICTAMEN COMITE PROVEDORES 24 DE MARZO_compressed (1).\"><\/object><a id=\"wp-block-file--media-6f1afa79-5043-408c-bbc6-ba2b0f6a21a2\" href=\"https:\/\/hidalgodelparral.chihuahua.gob.mx\/wp-content\/uploads\/2026\/05\/DICTAMEN-COMITE-PROVEDORES-24-DE-MARZO_compressed-1.pdf\">DICTAMEN COMITE PROVEDORES 24 DE MARZO_compressed (1)<\/a><a href=\"https:\/\/hidalgodelparral.chihuahua.gob.mx\/wp-content\/uploads\/2026\/05\/DICTAMEN-COMITE-PROVEDORES-24-DE-MARZO_compressed-1.pdf\" class=\"wp-block-file__button wp-element-button\" download aria-describedby=\"wp-block-file--media-6f1afa79-5043-408c-bbc6-ba2b0f6a21a2\">Descarga<\/a><\/div>\n<\/div><footer class=\"entry-footer\"><\/footer><div class='post_delimiter'><\/div><\/div><div class=\"post_author_timeline\"><\/div><span class='hidden'>\n\t\t\t\t<span class='av-structured-data'  itemprop=\"image\" itemscope=\"itemscope\" itemtype=\"https:\/\/schema.org\/ImageObject\" >\n\t\t\t\t\t\t<span itemprop='url'>https:\/\/hidalgodelparral.chihuahua.gob.mx\/wp-content\/uploads\/2024\/11\/logo-enfold-300x138.png<\/span>\n\t\t\t\t\t\t<span itemprop='height'>0<\/span>\n\t\t\t\t\t\t<span itemprop='width'>0<\/span>\n\t\t\t\t<\/span>\n\t\t\t\t<span class='av-structured-data'  itemprop=\"publisher\" itemtype=\"https:\/\/schema.org\/Organization\" itemscope=\"itemscope\" >\n\t\t\t\t\t\t<span itemprop='name'>admin24<\/span>\n\t\t\t\t\t\t<span itemprop='logo' itemscope itemtype='https:\/\/schema.org\/ImageObject'>\n\t\t\t\t\t\t\t<span itemprop='url'>https:\/\/hidalgodelparral.chihuahua.gob.mx\/wp-content\/uploads\/2024\/11\/logo-enfold-300x138.png<\/span>\n\t\t\t\t\t\t<\/span>\n\t\t\t\t<\/span><span class='av-structured-data'  itemprop=\"author\" itemscope=\"itemscope\" itemtype=\"https:\/\/schema.org\/Person\" ><span itemprop='name'>admin24<\/span><\/span><span class='av-structured-data'  itemprop=\"datePublished\" datetime=\"2026-05-13T15:53:37+00:00\" >2026-05-13 15:53:37<\/span><span class='av-structured-data'  itemprop=\"dateModified\" itemtype=\"https:\/\/schema.org\/dateModified\" >2026-05-13 15:53:37<\/span><span class='av-structured-data'  itemprop=\"mainEntityOfPage\" itemtype=\"https:\/\/schema.org\/mainEntityOfPage\" ><span itemprop='name'>DICTAMEN DEL COMIT\u00c9 DE ADQUISICIONES, ARRENDAMIENTOS Y SERVICIOS DEL H. AYUNTAMIENTO DE HIDALGO DEL PARRAL<\/span><\/span><\/span><\/article><article class=\"post-entry post-entry-type-standard post-entry-11127 post-loop-2 post-parity-even single-big  post-11127 post type-post status-publish format-standard hentry category-comite-adquisicones\"  itemscope=\"itemscope\" itemtype=\"https:\/\/schema.org\/BlogPosting\" ><div class=\"blog-meta\"><\/div><div class='entry-content-wrapper clearfix standard-content'><header class=\"entry-content-header\" aria-label=\"Post: DICTAMEN DEL COMIT\u00c9 DE ADQUISICIONES, ARRENDAMIENTOS Y SERVICIOS DEL H. AYUNTAMIENTO DE HIDALGO DEL PARRAL, PARA REALIZAR CONTRATOS ABIERTOS CON PROVEEDORES Y PRESTADORES DE SERVICIOS\"><h2 class='post-title entry-title '  itemprop=\"headline\" ><a href=\"https:\/\/hidalgodelparral.chihuahua.gob.mx\/?p=11127\" rel=\"bookmark\" title=\"Permanent Link: DICTAMEN DEL COMIT\u00c9 DE ADQUISICIONES, ARRENDAMIENTOS Y SERVICIOS DEL H. AYUNTAMIENTO DE HIDALGO DEL PARRAL, PARA REALIZAR CONTRATOS ABIERTOS CON PROVEEDORES Y PRESTADORES DE SERVICIOS\">DICTAMEN DEL COMIT\u00c9 DE ADQUISICIONES, ARRENDAMIENTOS Y SERVICIOS DEL H. AYUNTAMIENTO DE HIDALGO DEL PARRAL, PARA REALIZAR CONTRATOS ABIERTOS CON PROVEEDORES Y PRESTADORES DE SERVICIOS<span class=\"post-format-icon minor-meta\"><\/span><\/a><\/h2><span class=\"post-meta-infos\"><time class=\"date-container minor-meta updated\"  itemprop=\"datePublished\" datetime=\"2026-03-27T18:04:18+00:00\" >27 marzo, 2026<\/time><span class=\"text-sep\">\/<\/span><span class=\"blog-categories minor-meta\">in <a href=\"https:\/\/hidalgodelparral.chihuahua.gob.mx\/?cat=23\" rel=\"tag\">Comit\u00e9 de compras y adquisiciones<\/a><\/span><span class=\"text-sep\">\/<\/span><span class=\"blog-author minor-meta\">by <span class=\"entry-author-link\"  itemprop=\"author\" ><span class=\"author\"><span class=\"fn\"><a href=\"https:\/\/hidalgodelparral.chihuahua.gob.mx\/?author=1\" title=\"Entradas de admin24\" rel=\"author\">admin24<\/a><\/span><\/span><\/span><\/span><\/span><\/header><div class=\"entry-content\"  itemprop=\"text\" ><p><a href=\"https:\/\/hidalgodelparral.chihuahua.gob.mx\/wp-content\/uploads\/2026\/04\/DICTAMEN-COMITE-PROVEDORES-24-DE-MARZO_compressed-1-2.pdf\" target=\"_blank\" rel=\"noopener\">Enlance al Archivo completo<\/a><br \/>\nEN LA CIUDAD DE HGO. DEL PARRAL, CHIH., SIENDO LAS 12:18 HORAS DEL D\u00cdA 24 DE MARZO DEL 2026, SE DA INICIO A LA SESI\u00d3N DEL COMIT\u00c9 DE ADQUISICIONES ARRENDAMIENTOS Y SERVICIOS DE LA ADMINISTRACI\u00d3N 2024-2027 DEL MUNICIPIO DE HIDALGO DEL PARRAL, CHIHUAHUA, ENCONTR\u00c1NDOSE PRESENTES, LOS CIUDADANOS; ING. MART\u00cdN RICARDO FLORES MOYA, LIC. JOSE MOLINA BARRON, LIC. CESAR HOMERO ARMEND\u00c1RIZ CH\u00c1VEZ, (CON VOZ Y VOTO), Y LOS ACOMPA\u00d1AN, LIC. GERARDO JOSUE RODRIGUEZ MOLINA, LIC. MANUEL ANTONIO HERNANDEZ GONZALEZ, LIC. IVONNE ABIGAIL MARTOS TORRES EN REPRESENTACI\u00d3N DE LA LIC. DALILA CLICERIA VILLALOBOS VILLALOBOS (CON VOZ\/SIN VOTO), EN SUS RESPECTIVOS CARACTERES DE OFICIAL MAYOR, TESORERO DEL MUNICIPIO, REGIDOR DE LA COMISI\u00d3N DE HACIENDA, ASESOR JURIDICIO, SECRETARIO T\u00c9CNICO Y SINDICA MUNICIPAL; SE LEVANTA LA PRESENTE ACTA EN EL SAL\u00d3N DE JUNTAS UBICADO EN LA PARTE ALTA DEL EDIFICIO DE LA PRESIDENCIA MUNICIPAL, CON DOMICILIO EN FRANCISCO MIRANDA Y REP\u00daBLICA DE CUBA S\/N DE ESTA CIUDAD, EL ING. MART\u00cdN RICARDO FLORES MOYA, OFICIAL MAYOR Y PRESIDENTE DEL COMIT\u00c9 DE ADQUISICIONES, ARRENDAMIENTOS Y SERVICIOS DEL H. AYUNTAMIENTO DE HIDALGO DEL PARRAL, ADMINISTRACI\u00d3N 2024-2027, MANIFIESTA QUE PARA LA ELABORACI\u00d3N DE LA PRESENTE ACTA, SE CONSIDERA LO SIGUIENTE:<br \/>\n1) LISTA DE ASISTENCIA Y DECLARACI\u00d3N EN SU CASO DEL QU\u00d3RUM.<br \/>\n2) LECTURA DEL ORDEN DEL DIA Y APROBACI\u00d3N.<br \/>\n3) APROBACI\u00d3N, PRESENTACION PARA REALIZAR CONTRATOS ABIERTOS CON PROVEEDORES Y PRESTADORES DE SERVICIOS PARA EL MUNICIPIO DE PARRAL CHIHUAHUA RELATIVOS AL EJERCICIO FISCAL 2026 Y PRONUNCIAMIENTO DE FALLO.<\/p>\n\n<\/div><footer class=\"entry-footer\"><\/footer><div class='post_delimiter'><\/div><\/div><div class=\"post_author_timeline\"><\/div><span class='hidden'>\n\t\t\t\t<span class='av-structured-data'  itemprop=\"image\" itemscope=\"itemscope\" itemtype=\"https:\/\/schema.org\/ImageObject\" >\n\t\t\t\t\t\t<span itemprop='url'>https:\/\/hidalgodelparral.chihuahua.gob.mx\/wp-content\/uploads\/2024\/11\/logo-enfold-300x138.png<\/span>\n\t\t\t\t\t\t<span itemprop='height'>0<\/span>\n\t\t\t\t\t\t<span itemprop='width'>0<\/span>\n\t\t\t\t<\/span>\n\t\t\t\t<span class='av-structured-data'  itemprop=\"publisher\" itemtype=\"https:\/\/schema.org\/Organization\" itemscope=\"itemscope\" >\n\t\t\t\t\t\t<span itemprop='name'>admin24<\/span>\n\t\t\t\t\t\t<span itemprop='logo' itemscope itemtype='https:\/\/schema.org\/ImageObject'>\n\t\t\t\t\t\t\t<span itemprop='url'>https:\/\/hidalgodelparral.chihuahua.gob.mx\/wp-content\/uploads\/2024\/11\/logo-enfold-300x138.png<\/span>\n\t\t\t\t\t\t<\/span>\n\t\t\t\t<\/span><span class='av-structured-data'  itemprop=\"author\" itemscope=\"itemscope\" itemtype=\"https:\/\/schema.org\/Person\" ><span itemprop='name'>admin24<\/span><\/span><span class='av-structured-data'  itemprop=\"datePublished\" datetime=\"2026-03-27T18:04:18+00:00\" >2026-03-27 18:04:18<\/span><span class='av-structured-data'  itemprop=\"dateModified\" itemtype=\"https:\/\/schema.org\/dateModified\" >2026-04-27 21:22:32<\/span><span class='av-structured-data'  itemprop=\"mainEntityOfPage\" itemtype=\"https:\/\/schema.org\/mainEntityOfPage\" ><span itemprop='name'>DICTAMEN DEL COMIT\u00c9 DE ADQUISICIONES, ARRENDAMIENTOS Y SERVICIOS DEL H. AYUNTAMIENTO DE HIDALGO DEL PARRAL, PARA REALIZAR CONTRATOS ABIERTOS CON PROVEEDORES Y PRESTADORES DE SERVICIOS<\/span><\/span><\/span><\/article><article class=\"post-entry post-entry-type-standard post-entry-11106 post-loop-3 post-parity-odd post-entry-last single-big  post-11106 post type-post status-publish format-standard hentry category-comite-adquisicones\"  itemscope=\"itemscope\" itemtype=\"https:\/\/schema.org\/BlogPosting\" ><div class=\"blog-meta\"><\/div><div class='entry-content-wrapper clearfix standard-content'><header class=\"entry-content-header\" aria-label=\"Post: DICTAMEN DEL COMIT\u00c9 DE ADQUISICIONES, ARRENDAMIENTOS Y SERVICIOS DEL H. AYUNTAMIENTO DE HIDALGO DEL PARRAL, PARA REALIZAR CONTRATOS ABIERTOS CON PROVEEDORES Y PRESTADORES DE SERVICIOS\"><h2 class='post-title entry-title '  itemprop=\"headline\" ><a href=\"https:\/\/hidalgodelparral.chihuahua.gob.mx\/?p=11106\" rel=\"bookmark\" title=\"Permanent Link: DICTAMEN DEL COMIT\u00c9 DE ADQUISICIONES, ARRENDAMIENTOS Y SERVICIOS DEL H. AYUNTAMIENTO DE HIDALGO DEL PARRAL, PARA REALIZAR CONTRATOS ABIERTOS CON PROVEEDORES Y PRESTADORES DE SERVICIOS\">DICTAMEN DEL COMIT\u00c9 DE ADQUISICIONES, ARRENDAMIENTOS Y SERVICIOS DEL H. AYUNTAMIENTO DE HIDALGO DEL PARRAL, PARA REALIZAR CONTRATOS ABIERTOS CON PROVEEDORES Y PRESTADORES DE SERVICIOS<span class=\"post-format-icon minor-meta\"><\/span><\/a><\/h2><span class=\"post-meta-infos\"><time class=\"date-container minor-meta updated\"  itemprop=\"datePublished\" datetime=\"2026-03-27T16:51:25+00:00\" >27 marzo, 2026<\/time><span class=\"text-sep\">\/<\/span><span class=\"blog-categories minor-meta\">in <a href=\"https:\/\/hidalgodelparral.chihuahua.gob.mx\/?cat=23\" rel=\"tag\">Comit\u00e9 de compras y adquisiciones<\/a><\/span><span class=\"text-sep\">\/<\/span><span class=\"blog-author minor-meta\">by <span class=\"entry-author-link\"  itemprop=\"author\" ><span class=\"author\"><span class=\"fn\"><a href=\"https:\/\/hidalgodelparral.chihuahua.gob.mx\/?author=1\" title=\"Entradas de admin24\" rel=\"author\">admin24<\/a><\/span><\/span><\/span><\/span><\/span><\/header><div class=\"entry-content\"  itemprop=\"text\" ><p>EN LA CIUDAD DE HGO. DEL PARRAL, CHIH., SIENDO LAS 12:18 HORAS DEL D\u00cdA 24 DE MARZO DEL 2026, SE DA INICIO A LA SESI\u00d3N DEL COMIT\u00c9 DE ADQUISICIONES ARRENDAMIENTOS Y SERVICIOS DE LA ADMINISTRACI\u00d3N 2024-2027 DEL MUNICIPIO DE HIDALGO DEL PARRAL, CHIHUAHUA, ENCONTR\u00c1NDOSE PRESENTES, LOS CIUDADANOS; ING. MART\u00cdN RICARDO FLORES MOYA, LIC. JOSE MOLINA BARRON, LIC. CESAR HOMERO ARMEND\u00c1RIZ CH\u00c1VEZ, (CON VOZ Y VOTO), Y LOS ACOMPA\u00d1AN, LIC. GERARDO JOSUE RODRIGUEZ MOLINA, LIC. MANUEL ANTONIO HERNANDEZ GONZALEZ, LIC. IVONNE ABIGAIL MARTOS TORRES EN REPRESENTACI\u00d3N DE LA LIC. DALILA CLICERIA VILLALOBOS VILLALOBOS (CON VOZ\/SIN VOTO), EN SUS RESPECTIVOS CARACTERES DE OFICIAL MAYOR, TESORERO DEL MUNICIPIO, REGIDOR DE LA COMISI\u00d3N DE HACIENDA, ASESOR JURIDICIO, SECRETARIO T\u00c9CNICO Y SINDICA MUNICIPAL; SE LEVANTA LA PRESENTE ACTA EN EL SAL\u00d3N DE JUNTAS UBICADO EN LA PARTE ALTA DEL EDIFICIO DE LA PRESIDENCIA MUNICIPAL, CON DOMICILIO EN FRANCISCO MIRANDA Y REP\u00daBLICA DE CUBA S\/N DE ESTA CIUDAD, EL ING. MART\u00cdN RICARDO FLORES MOYA, OFICIAL MAYOR Y PRESIDENTE DEL COMIT\u00c9 DE ADQUISICIONES, ARRENDAMIENTOS Y SERVICIOS DEL H. AYUNTAMIENTO DE HIDALGO DEL PARRAL, ADMINISTRACI\u00d3N 2024-2027, MANIFIESTA QUE PARA LA ELABORACI\u00d3N DE LA PRESENTE ACTA, SE CONSIDERA LO SIGUIENTE:<br \/>\n1) LISTA DE ASISTENCIA Y DECLARACI\u00d3N EN SU CASO DEL QU\u00d3RUM.<br \/>\n2) LECTURA DEL ORDEN DEL DIA Y APROBACI\u00d3N.<br \/>\n3) APROBACI\u00d3N, PRESENTACION PARA REALIZAR CONTRATOS ABIERTOS CON PROVEEDORES Y PRESTADORES DE SERVICIOS PARA EL MUNICIPIO DE PARRAL CHIHUAHUA RELATIVOS AL EJERCICIO FISCAL 2026 Y PRONUNCIAMIENTO DE FALLO.<\/p>\n<\/div><footer class=\"entry-footer\"><\/footer><div class='post_delimiter'><\/div><\/div><div class=\"post_author_timeline\"><\/div><span class='hidden'>\n\t\t\t\t<span class='av-structured-data'  itemprop=\"image\" itemscope=\"itemscope\" itemtype=\"https:\/\/schema.org\/ImageObject\" >\n\t\t\t\t\t\t<span itemprop='url'>https:\/\/hidalgodelparral.chihuahua.gob.mx\/wp-content\/uploads\/2024\/11\/logo-enfold-300x138.png<\/span>\n\t\t\t\t\t\t<span itemprop='height'>0<\/span>\n\t\t\t\t\t\t<span itemprop='width'>0<\/span>\n\t\t\t\t<\/span>\n\t\t\t\t<span class='av-structured-data'  itemprop=\"publisher\" itemtype=\"https:\/\/schema.org\/Organization\" itemscope=\"itemscope\" >\n\t\t\t\t\t\t<span itemprop='name'>admin24<\/span>\n\t\t\t\t\t\t<span itemprop='logo' itemscope itemtype='https:\/\/schema.org\/ImageObject'>\n\t\t\t\t\t\t\t<span itemprop='url'>https:\/\/hidalgodelparral.chihuahua.gob.mx\/wp-content\/uploads\/2024\/11\/logo-enfold-300x138.png<\/span>\n\t\t\t\t\t\t<\/span>\n\t\t\t\t<\/span><span class='av-structured-data'  itemprop=\"author\" itemscope=\"itemscope\" itemtype=\"https:\/\/schema.org\/Person\" ><span itemprop='name'>admin24<\/span><\/span><span class='av-structured-data'  itemprop=\"datePublished\" datetime=\"2026-03-27T16:51:25+00:00\" >2026-03-27 16:51:25<\/span><span class='av-structured-data'  itemprop=\"dateModified\" itemtype=\"https:\/\/schema.org\/dateModified\" >2026-04-22 17:23:15<\/span><span class='av-structured-data'  itemprop=\"mainEntityOfPage\" itemtype=\"https:\/\/schema.org\/mainEntityOfPage\" ><span itemprop='name'>DICTAMEN DEL COMIT\u00c9 DE ADQUISICIONES, ARRENDAMIENTOS Y SERVICIOS DEL H. AYUNTAMIENTO DE HIDALGO DEL PARRAL, PARA REALIZAR CONTRATOS ABIERTOS CON PROVEEDORES Y PRESTADORES DE SERVICIOS<\/span><\/span><\/span><\/article><div class='single-big'><nav class='pagination'><span class='pagination-meta'>Page 1 of 12<\/span><span class='current'>1<\/span><a href='https:\/\/hidalgodelparral.chihuahua.gob.mx\/index.php?rest_route=%2Fwp%2Fv2%2Fpages%2F2934&#038;paged=2' class='inactive next_page' >2<\/a><a href='https:\/\/hidalgodelparral.chihuahua.gob.mx\/index.php?rest_route=%2Fwp%2Fv2%2Fpages%2F2934&#038;paged=3' class='inactive' >3<\/a><a href='https:\/\/hidalgodelparral.chihuahua.gob.mx\/index.php?rest_route=%2Fwp%2Fv2%2Fpages%2F2934&#038;paged=2'>&rsaquo;<\/a><a href='https:\/\/hidalgodelparral.chihuahua.gob.mx\/index.php?rest_route=%2Fwp%2Fv2%2Fpages%2F2934&#038;paged=12'>&raquo;<\/a><\/nav>\n<\/div><\/div><\/div>\n","protected":false},"excerpt":{"rendered":"","protected":false},"author":1,"featured_media":0,"parent":0,"menu_order":0,"comment_status":"closed","ping_status":"closed","template":"","meta":{"footnotes":""},"class_list":["post-2934","page","type-page","status-publish","hentry"],"_links":{"self":[{"href":"https:\/\/hidalgodelparral.chihuahua.gob.mx\/index.php?rest_route=\/wp\/v2\/pages\/2934","targetHints":{"allow":["GET"]}}],"collection":[{"href":"https:\/\/hidalgodelparral.chihuahua.gob.mx\/index.php?rest_route=\/wp\/v2\/pages"}],"about":[{"href":"https:\/\/hidalgodelparral.chihuahua.gob.mx\/index.php?rest_route=\/wp\/v2\/types\/page"}],"author":[{"embeddable":true,"href":"https:\/\/hidalgodelparral.chihuahua.gob.mx\/index.php?rest_route=\/wp\/v2\/users\/1"}],"replies":[{"embeddable":true,"href":"https:\/\/hidalgodelparral.chihuahua.gob.mx\/index.php?rest_route=%2Fwp%2Fv2%2Fcomments&post=2934"}],"version-history":[{"count":3,"href":"https:\/\/hidalgodelparral.chihuahua.gob.mx\/index.php?rest_route=\/wp\/v2\/pages\/2934\/revisions"}],"predecessor-version":[{"id":3075,"href":"https:\/\/hidalgodelparral.chihuahua.gob.mx\/index.php?rest_route=\/wp\/v2\/pages\/2934\/revisions\/3075"}],"wp:attachment":[{"href":"https:\/\/hidalgodelparral.chihuahua.gob.mx\/index.php?rest_route=%2Fwp%2Fv2%2Fmedia&parent=2934"}],"curies":[{"name":"wp","href":"https:\/\/api.w.org\/{rel}","templated":true}]}}