{"id":3112,"date":"2025-02-27T18:58:30","date_gmt":"2025-02-27T18:58:30","guid":{"rendered":"https:\/\/hidalgodelparral.chihuahua.gob.mx\/?page_id=3112"},"modified":"2025-02-27T18:58:30","modified_gmt":"2025-02-27T18:58:30","slug":"seguridad-pubica","status":"publish","type":"page","link":"https:\/\/hidalgodelparral.chihuahua.gob.mx\/?page_id=3112","title":{"rendered":"Seguridad P\u00fabica"},"content":{"rendered":"<div id='av_section_1'  class='avia-section av-av_section-f22f0f9dd672aac3df52cf5913f6ac08 main_color avia-section-default avia-no-border-styling  avia-builder-el-0  avia-builder-el-no-sibling  avia-bg-style-scroll container_wrap fullsize'  ><div class='container av-section-cont-open' ><main  role=\"main\" itemprop=\"mainContentOfPage\"  class='template-page content  av-content-full alpha units'><div class='post-entry post-entry-type-page post-entry-3112'><div class='entry-content-wrapper clearfix'>\n<div  class='flex_column av-av_one_full-2d22dc0500e159f2b39fe7a147caf14c av_one_full  avia-builder-el-1  avia-builder-el-no-sibling  first flex_column_div  '     ><div  class='av-alb-blogposts template-blog  '  itemscope=\"itemscope\" itemtype=\"https:\/\/schema.org\/Blog\" ><article class=\"post-entry post-entry-type-standard post-entry-10881 post-loop-1 post-parity-odd single-big with-slider post-10881 post type-post status-publish format-standard has-post-thumbnail hentry category-seguridad-publica\"  itemscope=\"itemscope\" itemtype=\"https:\/\/schema.org\/BlogPosting\" ><div class=\"big-preview single-big\"  itemprop=\"image\" itemscope=\"itemscope\" itemtype=\"https:\/\/schema.org\/ImageObject\" ><a href=\"https:\/\/hidalgodelparral.chihuahua.gob.mx\/?p=10881\"  title=\"IMG-20260313-WA0038\" ><img decoding=\"async\" loading=\"lazy\" width=\"1210\" height=\"423\" src=\"https:\/\/hidalgodelparral.chihuahua.gob.mx\/wp-content\/uploads\/2026\/03\/IMG-20260313-WA0038-1210x423.jpg\" class=\"wp-image-10882 avia-img-lazy-loading-10882 attachment-entry_without_sidebar size-entry_without_sidebar wp-post-image\" alt=\"\" \/><\/a><\/div><div class=\"blog-meta\"><\/div><div class='entry-content-wrapper clearfix standard-content'><header class=\"entry-content-header\" aria-label=\"Post: Anuncia Gobierno de Parral cierre de calles por el Festival Primaveral 2026\"><h2 class='post-title entry-title '  itemprop=\"headline\" ><a href=\"https:\/\/hidalgodelparral.chihuahua.gob.mx\/?p=10881\" rel=\"bookmark\" title=\"Permanent Link: Anuncia Gobierno de Parral cierre de calles por el Festival Primaveral 2026\">Anuncia Gobierno de Parral cierre de calles por el Festival Primaveral 2026<span class=\"post-format-icon minor-meta\"><\/span><\/a><\/h2><span class=\"post-meta-infos\"><time class=\"date-container minor-meta updated\"  itemprop=\"datePublished\" datetime=\"2026-03-13T16:57:39+00:00\" >13 marzo, 2026<\/time><span class=\"text-sep\">\/<\/span><span class=\"blog-categories minor-meta\">in <a href=\"https:\/\/hidalgodelparral.chihuahua.gob.mx\/?cat=9\" rel=\"tag\">Seguridad Publica<\/a><\/span><span class=\"text-sep\">\/<\/span><span class=\"blog-author minor-meta\">by <span class=\"entry-author-link\"  itemprop=\"author\" ><span class=\"author\"><span class=\"fn\"><a href=\"https:\/\/hidalgodelparral.chihuahua.gob.mx\/?author=2\" title=\"Entradas de Comunicaci\u00f3n Social\" rel=\"author\">Comunicaci\u00f3n Social<\/a><\/span><\/span><\/span><\/span><\/span><\/header><div class=\"entry-content\"  itemprop=\"text\" ><p>Garantizando la seguridad de la ciudadan\u00eda<\/p>\n<p>La Direcci\u00f3n de Seguridad P\u00fablica Municipal (DSPM), a trav\u00e9s del Departamento de Vialidad, informa a la ciudadan\u00eda sobre las modificaciones en la circulaci\u00f3n vehicular con motivo de la log\u00edstica y el desarrollo del &#8220;Festival Primaveral 2026&#8221;.<\/p>\n<p>Para garantizar la seguridad de los asistentes y el correcto flujo del evento, se comunica lo siguiente:<\/p>\n<p>-La Avenida Independencia permanecer\u00e1 cerrada a la circulaci\u00f3n en el tramo que comprende desde la Calle Constituci\u00f3n hasta el Puente San Francisco este 13, 14 y 15 de marzo de 2026<\/p>\n<p>Por ello se exhorta a los conductores a utilizar las v\u00edas alternas como Vialidad del R\u00edo, Calle Agust\u00edn Melgar y Calle Flores Mag\u00f3n, para evitar congestionamientos en la zona centro.<\/p>\n<p>Personal de Vialidad estar\u00e1 desplegado de manera estrat\u00e9gica para orientar a los automovilistas y agilizar el tr\u00e1nsito en los puntos de desv\u00edo. Agradecemos su comprensi\u00f3n y los invitamos a planear sus traslados con anticipaci\u00f3n para evitar contratiempos.<\/p>\n<p>Juntos lo Vamos a Lograr<\/p>\n<\/div><footer class=\"entry-footer\"><\/footer><div class='post_delimiter'><\/div><\/div><div class=\"post_author_timeline\"><\/div><span class='hidden'>\n\t\t\t\t<span class='av-structured-data'  itemprop=\"image\" itemscope=\"itemscope\" itemtype=\"https:\/\/schema.org\/ImageObject\" >\n\t\t\t\t\t\t<span itemprop='url'>https:\/\/hidalgodelparral.chihuahua.gob.mx\/wp-content\/uploads\/2026\/03\/IMG-20260313-WA0038.jpg<\/span>\n\t\t\t\t\t\t<span itemprop='height'>1236<\/span>\n\t\t\t\t\t\t<span itemprop='width'>1591<\/span>\n\t\t\t\t<\/span>\n\t\t\t\t<span class='av-structured-data'  itemprop=\"publisher\" itemtype=\"https:\/\/schema.org\/Organization\" itemscope=\"itemscope\" >\n\t\t\t\t\t\t<span itemprop='name'>Comunicaci\u00f3n Social<\/span>\n\t\t\t\t\t\t<span itemprop='logo' itemscope itemtype='https:\/\/schema.org\/ImageObject'>\n\t\t\t\t\t\t\t<span itemprop='url'>https:\/\/hidalgodelparral.chihuahua.gob.mx\/wp-content\/uploads\/2024\/11\/logo-enfold-300x138.png<\/span>\n\t\t\t\t\t\t<\/span>\n\t\t\t\t<\/span><span class='av-structured-data'  itemprop=\"author\" itemscope=\"itemscope\" itemtype=\"https:\/\/schema.org\/Person\" ><span itemprop='name'>Comunicaci\u00f3n Social<\/span><\/span><span class='av-structured-data'  itemprop=\"datePublished\" datetime=\"2026-03-13T16:57:39+00:00\" >2026-03-13 16:57:39<\/span><span class='av-structured-data'  itemprop=\"dateModified\" itemtype=\"https:\/\/schema.org\/dateModified\" >2026-03-13 16:57:39<\/span><span class='av-structured-data'  itemprop=\"mainEntityOfPage\" itemtype=\"https:\/\/schema.org\/mainEntityOfPage\" ><span itemprop='name'>Anuncia Gobierno de Parral cierre de calles por el Festival Primaveral 2026<\/span><\/span><\/span><\/article><article class=\"post-entry post-entry-type-standard post-entry-10818 post-loop-2 post-parity-even single-big with-slider post-10818 post type-post status-publish format-standard has-post-thumbnail hentry category-seguridad-publica\"  itemscope=\"itemscope\" itemtype=\"https:\/\/schema.org\/BlogPosting\" ><div class=\"big-preview single-big\"  itemprop=\"image\" itemscope=\"itemscope\" itemtype=\"https:\/\/schema.org\/ImageObject\" ><a href=\"https:\/\/hidalgodelparral.chihuahua.gob.mx\/?p=10818\"  title=\"IMG-20260311-WA0092\" ><img decoding=\"async\" loading=\"lazy\" width=\"1210\" height=\"423\" src=\"https:\/\/hidalgodelparral.chihuahua.gob.mx\/wp-content\/uploads\/2026\/03\/IMG-20260311-WA0092-1210x423.jpg\" class=\"wp-image-10819 avia-img-lazy-loading-10819 attachment-entry_without_sidebar size-entry_without_sidebar wp-post-image\" alt=\"\" \/><\/a><\/div><div class=\"blog-meta\"><\/div><div class='entry-content-wrapper clearfix standard-content'><header class=\"entry-content-header\" aria-label=\"Post: Fortalece Gobierno de Parral la seguridad de la ciudad: alcalde Salvador Calder\u00f3n entrega nuevas unidades y bicicletas a la DSPM\"><h2 class='post-title entry-title '  itemprop=\"headline\" ><a href=\"https:\/\/hidalgodelparral.chihuahua.gob.mx\/?p=10818\" rel=\"bookmark\" title=\"Permanent Link: Fortalece Gobierno de Parral la seguridad de la ciudad: alcalde Salvador Calder\u00f3n entrega nuevas unidades y bicicletas a la DSPM\">Fortalece Gobierno de Parral la seguridad de la ciudad: alcalde Salvador Calder\u00f3n entrega nuevas unidades y bicicletas a la DSPM<span class=\"post-format-icon minor-meta\"><\/span><\/a><\/h2><span class=\"post-meta-infos\"><time class=\"date-container minor-meta updated\"  itemprop=\"datePublished\" datetime=\"2026-03-11T19:22:34+00:00\" >11 marzo, 2026<\/time><span class=\"text-sep\">\/<\/span><span class=\"blog-categories minor-meta\">in <a href=\"https:\/\/hidalgodelparral.chihuahua.gob.mx\/?cat=9\" rel=\"tag\">Seguridad Publica<\/a><\/span><span class=\"text-sep\">\/<\/span><span class=\"blog-author minor-meta\">by <span class=\"entry-author-link\"  itemprop=\"author\" ><span class=\"author\"><span class=\"fn\"><a href=\"https:\/\/hidalgodelparral.chihuahua.gob.mx\/?author=2\" title=\"Entradas de Comunicaci\u00f3n Social\" rel=\"author\">Comunicaci\u00f3n Social<\/a><\/span><\/span><\/span><\/span><\/span><\/header><div class=\"entry-content\"  itemprop=\"text\" ><p>La inversi\u00f3n asciende a 10 millones 600 mil pesos para reforzar la capacidad operativa de la corporaci\u00f3n.<\/p>\n<p>Con el objetivo de mejorar los tiempos de respuesta y fortalecer la cobertura de vigilancia en Parral, el alcalde Salvador Calder\u00f3n Aguirre, realiz\u00f3 la entrega oficial de 12 nuevas unidades y 10 bicicletas equipadas a la Direcci\u00f3n de Seguridad P\u00fablica Municipal (DSPM).<\/p>\n<p>El evento se llev\u00f3 a cabo en la explanada de la Presidencia Municipal, donde se dio el banderazo de salida a los nuevos veh\u00edculos que ser\u00e1n incorporados de inmediato a las labores de patrullaje preventivo.<\/p>\n<p>Esta entrega representa una inversi\u00f3n de 10 millones 600 mil pesos, destinada a fortalecer la capacidad operativa de la corporaci\u00f3n y mejorar las condiciones de trabajo de las y los elementos de seguridad p\u00fablica.<\/p>\n<p>Las 12 unidades permitir\u00e1n reforzar la presencia policial en distintas colonias del municipio, mientras que las 10 bicicletas ser\u00e1n utilizadas por elementos destinados a realizar recorridos en zonas peatonales y comerciales del centro, lo que facilitar\u00e1 la proximidad social con la ciudadan\u00eda.<\/p>\n<p>Durante el evento tambi\u00e9n se cont\u00f3 con la presencia de Guillermo Hinojos Hinojos, Fiscal de Distrito Zona Sur, lo que refrenda la coordinaci\u00f3n entre los distintos niveles de gobierno para fortalecer las acciones en materia de seguridad.<\/p>\n<p>\u201cCon este equipamiento reafirmamos el compromiso de nuestro Gobierno Municipal de dotar a nuestros elementos de las mejores herramientas para salvaguardar la integridad y tranquilidad de las familias de Parral\u201d, destac\u00f3 el Alcalde durante la entrega<\/p>\n<p>Juntos lo Vamos a Lograr<\/p>\n<\/div><footer class=\"entry-footer\"><\/footer><div class='post_delimiter'><\/div><\/div><div class=\"post_author_timeline\"><\/div><span class='hidden'>\n\t\t\t\t<span class='av-structured-data'  itemprop=\"image\" itemscope=\"itemscope\" itemtype=\"https:\/\/schema.org\/ImageObject\" >\n\t\t\t\t\t\t<span itemprop='url'>https:\/\/hidalgodelparral.chihuahua.gob.mx\/wp-content\/uploads\/2026\/03\/IMG-20260311-WA0092.jpg<\/span>\n\t\t\t\t\t\t<span itemprop='height'>853<\/span>\n\t\t\t\t\t\t<span itemprop='width'>1280<\/span>\n\t\t\t\t<\/span>\n\t\t\t\t<span class='av-structured-data'  itemprop=\"publisher\" itemtype=\"https:\/\/schema.org\/Organization\" itemscope=\"itemscope\" >\n\t\t\t\t\t\t<span itemprop='name'>Comunicaci\u00f3n Social<\/span>\n\t\t\t\t\t\t<span itemprop='logo' itemscope itemtype='https:\/\/schema.org\/ImageObject'>\n\t\t\t\t\t\t\t<span itemprop='url'>https:\/\/hidalgodelparral.chihuahua.gob.mx\/wp-content\/uploads\/2024\/11\/logo-enfold-300x138.png<\/span>\n\t\t\t\t\t\t<\/span>\n\t\t\t\t<\/span><span class='av-structured-data'  itemprop=\"author\" itemscope=\"itemscope\" itemtype=\"https:\/\/schema.org\/Person\" ><span itemprop='name'>Comunicaci\u00f3n Social<\/span><\/span><span class='av-structured-data'  itemprop=\"datePublished\" datetime=\"2026-03-11T19:22:34+00:00\" >2026-03-11 19:22:34<\/span><span class='av-structured-data'  itemprop=\"dateModified\" itemtype=\"https:\/\/schema.org\/dateModified\" >2026-03-11 19:22:34<\/span><span class='av-structured-data'  itemprop=\"mainEntityOfPage\" itemtype=\"https:\/\/schema.org\/mainEntityOfPage\" ><span itemprop='name'>Fortalece Gobierno de Parral la seguridad de la ciudad: alcalde Salvador Calder\u00f3n entrega nuevas unidades y bicicletas a la DSPM<\/span><\/span><\/span><\/article><article class=\"post-entry post-entry-type-standard post-entry-10749 post-loop-3 post-parity-odd post-entry-last single-big with-slider post-10749 post type-post status-publish format-standard has-post-thumbnail hentry category-seguridad-publica\"  itemscope=\"itemscope\" itemtype=\"https:\/\/schema.org\/BlogPosting\" ><div class=\"big-preview single-big\"  itemprop=\"image\" itemscope=\"itemscope\" itemtype=\"https:\/\/schema.org\/ImageObject\" ><a href=\"https:\/\/hidalgodelparral.chihuahua.gob.mx\/?p=10749\"  title=\"IMG-20260304-WA0357\" ><img decoding=\"async\" loading=\"lazy\" width=\"1210\" height=\"423\" src=\"https:\/\/hidalgodelparral.chihuahua.gob.mx\/wp-content\/uploads\/2026\/03\/IMG-20260304-WA0357-1210x423.jpg\" class=\"wp-image-10750 avia-img-lazy-loading-10750 attachment-entry_without_sidebar size-entry_without_sidebar wp-post-image\" alt=\"\" \/><\/a><\/div><div class=\"blog-meta\"><\/div><div class='entry-content-wrapper clearfix standard-content'><header class=\"entry-content-header\" aria-label=\"Post: DSPM impulsa el emprendimiento como estrategia de prevenci\u00f3n social\"><h2 class='post-title entry-title '  itemprop=\"headline\" ><a href=\"https:\/\/hidalgodelparral.chihuahua.gob.mx\/?p=10749\" rel=\"bookmark\" title=\"Permanent Link: DSPM impulsa el emprendimiento como estrategia de prevenci\u00f3n social\">DSPM impulsa el emprendimiento como estrategia de prevenci\u00f3n social<span class=\"post-format-icon minor-meta\"><\/span><\/a><\/h2><span class=\"post-meta-infos\"><time class=\"date-container minor-meta updated\"  itemprop=\"datePublished\" datetime=\"2026-03-06T14:20:14+00:00\" >6 marzo, 2026<\/time><span class=\"text-sep\">\/<\/span><span class=\"blog-categories minor-meta\">in <a href=\"https:\/\/hidalgodelparral.chihuahua.gob.mx\/?cat=9\" rel=\"tag\">Seguridad Publica<\/a><\/span><span class=\"text-sep\">\/<\/span><span class=\"blog-author minor-meta\">by <span class=\"entry-author-link\"  itemprop=\"author\" ><span class=\"author\"><span class=\"fn\"><a href=\"https:\/\/hidalgodelparral.chihuahua.gob.mx\/?author=2\" title=\"Entradas de Comunicaci\u00f3n Social\" rel=\"author\">Comunicaci\u00f3n Social<\/a><\/span><\/span><\/span><\/span><\/span><\/header><div class=\"entry-content\"  itemprop=\"text\" ><p>Inicia Curso de Pasteler\u00eda y Emprendimiento en coordinaci\u00f3n con el Servicio Nacional de Empleo<\/p>\n<p>La Presidencia Municipal, a trav\u00e9s de la Direcci\u00f3n de Seguridad P\u00fablica Municipal (DSPM), dio el banderazo de inicio al Curso de Pasteler\u00eda y Emprendimiento, reafirmando su compromiso de fortalecer la prevenci\u00f3n del delito desde un enfoque social y cercano a la ciudadan\u00eda.<\/p>\n<p>Esta acci\u00f3n es resultado del trabajo coordinado entre la DSPM y el Servicio Nacional de Empleo (SNE) del Estado, representado por Carlos Valdez, sumando esfuerzos para generar oportunidades reales de desarrollo econ\u00f3mico en las colonias.<\/p>\n<p>El programa tiene como ejes principales:<br \/>\n\u2022 Impulso al empoderamiento femenino, mediante la capacitaci\u00f3n t\u00e9cnica en el \u00e1rea de reposter\u00eda.<br \/>\n\u2022 Fomento al autoempleo y la econom\u00eda familiar, brindando herramientas para iniciar proyectos productivos propios.<br \/>\n\u2022 Fortalecimiento del tejido social, consolidando la cercan\u00eda entre ciudadan\u00eda y corporaci\u00f3n a trav\u00e9s de los Comit\u00e9s de Red de Seguridad.<\/p>\n<p>Durante la inauguraci\u00f3n, se destac\u00f3 que la seguridad no se construye \u00fanicamente con acciones operativas, sino tambi\u00e9n generando oportunidades que prevengan factores de riesgo y promuevan entornos de paz.<\/p>\n<p>Con estas acciones, la DSPM reafirma que la seguridad tambi\u00e9n se edifica con desarrollo social, confianza ciudadana y oportunidades para quienes desean salir adelante.<\/p>\n<p>Juntos lo vamos a lograr.<\/p>\n<\/div><footer class=\"entry-footer\"><\/footer><div class='post_delimiter'><\/div><\/div><div class=\"post_author_timeline\"><\/div><span class='hidden'>\n\t\t\t\t<span class='av-structured-data'  itemprop=\"image\" itemscope=\"itemscope\" itemtype=\"https:\/\/schema.org\/ImageObject\" >\n\t\t\t\t\t\t<span itemprop='url'>https:\/\/hidalgodelparral.chihuahua.gob.mx\/wp-content\/uploads\/2026\/03\/IMG-20260304-WA0357.jpg<\/span>\n\t\t\t\t\t\t<span itemprop='height'>960<\/span>\n\t\t\t\t\t\t<span itemprop='width'>1280<\/span>\n\t\t\t\t<\/span>\n\t\t\t\t<span class='av-structured-data'  itemprop=\"publisher\" itemtype=\"https:\/\/schema.org\/Organization\" itemscope=\"itemscope\" >\n\t\t\t\t\t\t<span itemprop='name'>Comunicaci\u00f3n Social<\/span>\n\t\t\t\t\t\t<span itemprop='logo' itemscope itemtype='https:\/\/schema.org\/ImageObject'>\n\t\t\t\t\t\t\t<span itemprop='url'>https:\/\/hidalgodelparral.chihuahua.gob.mx\/wp-content\/uploads\/2024\/11\/logo-enfold-300x138.png<\/span>\n\t\t\t\t\t\t<\/span>\n\t\t\t\t<\/span><span class='av-structured-data'  itemprop=\"author\" itemscope=\"itemscope\" itemtype=\"https:\/\/schema.org\/Person\" ><span itemprop='name'>Comunicaci\u00f3n Social<\/span><\/span><span class='av-structured-data'  itemprop=\"datePublished\" datetime=\"2026-03-06T14:20:14+00:00\" >2026-03-06 14:20:14<\/span><span class='av-structured-data'  itemprop=\"dateModified\" itemtype=\"https:\/\/schema.org\/dateModified\" >2026-03-06 14:20:14<\/span><span class='av-structured-data'  itemprop=\"mainEntityOfPage\" itemtype=\"https:\/\/schema.org\/mainEntityOfPage\" ><span itemprop='name'>DSPM impulsa el emprendimiento como estrategia de prevenci\u00f3n social<\/span><\/span><\/span><\/article><div class='single-big'><nav class='pagination'><span class='pagination-meta'>Page 1 of 147<\/span><span class='current'>1<\/span><a href='https:\/\/hidalgodelparral.chihuahua.gob.mx\/index.php?rest_route=%2Fwp%2Fv2%2Fpages%2F3112&#038;paged=2' class='inactive next_page' >2<\/a><a href='https:\/\/hidalgodelparral.chihuahua.gob.mx\/index.php?rest_route=%2Fwp%2Fv2%2Fpages%2F3112&#038;paged=3' class='inactive' >3<\/a><a href='https:\/\/hidalgodelparral.chihuahua.gob.mx\/index.php?rest_route=%2Fwp%2Fv2%2Fpages%2F3112&#038;paged=2'>&rsaquo;<\/a><a href='https:\/\/hidalgodelparral.chihuahua.gob.mx\/index.php?rest_route=%2Fwp%2Fv2%2Fpages%2F3112&#038;paged=147'>&raquo;<\/a><\/nav>\n<\/div><\/div><\/div>\n","protected":false},"excerpt":{"rendered":"","protected":false},"author":1,"featured_media":0,"parent":0,"menu_order":0,"comment_status":"closed","ping_status":"closed","template":"","meta":{"footnotes":""},"class_list":["post-3112","page","type-page","status-publish","hentry"],"_links":{"self":[{"href":"https:\/\/hidalgodelparral.chihuahua.gob.mx\/index.php?rest_route=\/wp\/v2\/pages\/3112","targetHints":{"allow":["GET"]}}],"collection":[{"href":"https:\/\/hidalgodelparral.chihuahua.gob.mx\/index.php?rest_route=\/wp\/v2\/pages"}],"about":[{"href":"https:\/\/hidalgodelparral.chihuahua.gob.mx\/index.php?rest_route=\/wp\/v2\/types\/page"}],"author":[{"embeddable":true,"href":"https:\/\/hidalgodelparral.chihuahua.gob.mx\/index.php?rest_route=\/wp\/v2\/users\/1"}],"replies":[{"embeddable":true,"href":"https:\/\/hidalgodelparral.chihuahua.gob.mx\/index.php?rest_route=%2Fwp%2Fv2%2Fcomments&post=3112"}],"version-history":[{"count":2,"href":"https:\/\/hidalgodelparral.chihuahua.gob.mx\/index.php?rest_route=\/wp\/v2\/pages\/3112\/revisions"}],"predecessor-version":[{"id":3114,"href":"https:\/\/hidalgodelparral.chihuahua.gob.mx\/index.php?rest_route=\/wp\/v2\/pages\/3112\/revisions\/3114"}],"wp:attachment":[{"href":"https:\/\/hidalgodelparral.chihuahua.gob.mx\/index.php?rest_route=%2Fwp%2Fv2%2Fmedia&parent=3112"}],"curies":[{"name":"wp","href":"https:\/\/api.w.org\/{rel}","templated":true}]}}