{"id":3121,"date":"2025-02-27T19:03:16","date_gmt":"2025-02-27T19:03:16","guid":{"rendered":"https:\/\/hidalgodelparral.chihuahua.gob.mx\/?page_id=3121"},"modified":"2025-02-27T19:03:16","modified_gmt":"2025-02-27T19:03:16","slug":"servicios-publicos","status":"publish","type":"page","link":"https:\/\/hidalgodelparral.chihuahua.gob.mx\/?page_id=3121","title":{"rendered":"Servicios P\u00fablicos"},"content":{"rendered":"<div id='av_section_1'  class='avia-section av-av_section-f22f0f9dd672aac3df52cf5913f6ac08 main_color avia-section-default avia-no-border-styling  avia-builder-el-0  avia-builder-el-no-sibling  avia-bg-style-scroll container_wrap fullsize'  ><div class='container av-section-cont-open' ><main  role=\"main\" itemprop=\"mainContentOfPage\"  class='template-page content  av-content-full alpha units'><div class='post-entry post-entry-type-page post-entry-3121'><div class='entry-content-wrapper clearfix'>\n<div  class='flex_column av-av_one_full-2d22dc0500e159f2b39fe7a147caf14c av_one_full  avia-builder-el-1  avia-builder-el-no-sibling  first flex_column_div  '     ><div  class='av-alb-blogposts template-blog  '  itemscope=\"itemscope\" itemtype=\"https:\/\/schema.org\/Blog\" ><article class=\"post-entry post-entry-type-standard post-entry-11182 post-loop-1 post-parity-odd single-big with-slider post-11182 post type-post status-publish format-standard has-post-thumbnail hentry category-servicios-publicos\"  itemscope=\"itemscope\" itemtype=\"https:\/\/schema.org\/BlogPosting\" ><div class=\"big-preview single-big\"  itemprop=\"image\" itemscope=\"itemscope\" itemtype=\"https:\/\/schema.org\/ImageObject\" ><a href=\"https:\/\/hidalgodelparral.chihuahua.gob.mx\/?p=11182\"  title=\"IMG-20260429-WA0091\" ><img decoding=\"async\" loading=\"lazy\" width=\"1210\" height=\"423\" src=\"https:\/\/hidalgodelparral.chihuahua.gob.mx\/wp-content\/uploads\/2026\/04\/IMG-20260429-WA0091-1210x423.jpg\" class=\"wp-image-11183 avia-img-lazy-loading-11183 attachment-entry_without_sidebar size-entry_without_sidebar wp-post-image\" alt=\"\" \/><\/a><\/div><div class=\"blog-meta\"><\/div><div class='entry-content-wrapper clearfix standard-content'><header class=\"entry-content-header\" aria-label=\"Post: Anuncia el Gobierno de Parral restricci\u00f3n temporal de obras en el Pante\u00f3n Municipal de Dolores\"><h2 class='post-title entry-title '  itemprop=\"headline\" ><a href=\"https:\/\/hidalgodelparral.chihuahua.gob.mx\/?p=11182\" rel=\"bookmark\" title=\"Permanent Link: Anuncia el Gobierno de Parral restricci\u00f3n temporal de obras en el Pante\u00f3n Municipal de Dolores\">Anuncia el Gobierno de Parral restricci\u00f3n temporal de obras en el Pante\u00f3n Municipal de Dolores<span class=\"post-format-icon minor-meta\"><\/span><\/a><\/h2><span class=\"post-meta-infos\"><time class=\"date-container minor-meta updated\"  itemprop=\"datePublished\" datetime=\"2026-04-29T16:58:52+00:00\" >29 abril, 2026<\/time><span class=\"text-sep\">\/<\/span><span class=\"blog-categories minor-meta\">in <a href=\"https:\/\/hidalgodelparral.chihuahua.gob.mx\/?cat=16\" rel=\"tag\">Servicios Publicos<\/a><\/span><span class=\"text-sep\">\/<\/span><span class=\"blog-author minor-meta\">by <span class=\"entry-author-link\"  itemprop=\"author\" ><span class=\"author\"><span class=\"fn\"><a href=\"https:\/\/hidalgodelparral.chihuahua.gob.mx\/?author=2\" title=\"Entradas de Comunicaci\u00f3n Social\" rel=\"author\">Comunicaci\u00f3n Social<\/a><\/span><\/span><\/span><\/span><\/span><\/header><div class=\"entry-content\"  itemprop=\"text\" ><p>La medida busca garantizar el orden y la seguridad de los visitantes durante las celebraciones de mayo<\/p>\n<p>El Gobierno de Parral encabezado por el alcalde Salvador Calder\u00f3n Aguirre, informa a la ciudadan\u00eda que quedar\u00e1 prohibido realizar cualquier tipo de trabajo de construcci\u00f3n, remodelaci\u00f3n o modificaci\u00f3n en las tumbas del Pante\u00f3n Municipal de Dolores. Esta disposici\u00f3n entrar\u00e1 en vigor a partir del pr\u00f3ximo 6 de mayo y concluir\u00e1 el 13 de mayo de 2026, con el objetivo de facilitar el libre tr\u00e1nsito y la seguridad de las familias que acuden al recinto durante estas fechas de alta afluencia.<\/p>\n<p>A partir del 14 de mayo de 2026, los servicios de mantenimiento y obra privada en los monumentos funerarios ser\u00e1n permitidos nuevamente en sus horarios habituales.<\/p>\n<p>La Direcci\u00f3n de Servicios P\u00fablicos ha establecido este ordenamiento para evitar la acumulaci\u00f3n de materiales de construcci\u00f3n y escombros que pudieran obstaculizar los pasillos o generar riesgos para los asistentes, priorizando una estancia digna y segura para todos los parralenses.<\/p>\n<p>Para mejorar la movilidad y el acceso de los usuarios, se comunica que tanto la puerta principal como la puerta trasera permanecer\u00e1n abiertas en un horario corrido de las 7:00 de la ma\u00f1ana a las 6:30 de la tarde. Se invita a los visitantes a respetar estas disposiciones temporales, las cuales forman parte de una estrategia de organizaci\u00f3n integral para mantener nuestras instalaciones en condiciones \u00f3ptimas.<\/p>\n<p>Juntos lo Estamos Logrando<\/p>\n<\/div><footer class=\"entry-footer\"><\/footer><div class='post_delimiter'><\/div><\/div><div class=\"post_author_timeline\"><\/div><span class='hidden'>\n\t\t\t\t<span class='av-structured-data'  itemprop=\"image\" itemscope=\"itemscope\" itemtype=\"https:\/\/schema.org\/ImageObject\" >\n\t\t\t\t\t\t<span itemprop='url'>https:\/\/hidalgodelparral.chihuahua.gob.mx\/wp-content\/uploads\/2026\/04\/IMG-20260429-WA0091.jpg<\/span>\n\t\t\t\t\t\t<span itemprop='height'>1348<\/span>\n\t\t\t\t\t\t<span itemprop='width'>1600<\/span>\n\t\t\t\t<\/span>\n\t\t\t\t<span class='av-structured-data'  itemprop=\"publisher\" itemtype=\"https:\/\/schema.org\/Organization\" itemscope=\"itemscope\" >\n\t\t\t\t\t\t<span itemprop='name'>Comunicaci\u00f3n Social<\/span>\n\t\t\t\t\t\t<span itemprop='logo' itemscope itemtype='https:\/\/schema.org\/ImageObject'>\n\t\t\t\t\t\t\t<span itemprop='url'>https:\/\/hidalgodelparral.chihuahua.gob.mx\/wp-content\/uploads\/2024\/11\/logo-enfold-300x138.png<\/span>\n\t\t\t\t\t\t<\/span>\n\t\t\t\t<\/span><span class='av-structured-data'  itemprop=\"author\" itemscope=\"itemscope\" itemtype=\"https:\/\/schema.org\/Person\" ><span itemprop='name'>Comunicaci\u00f3n Social<\/span><\/span><span class='av-structured-data'  itemprop=\"datePublished\" datetime=\"2026-04-29T16:58:52+00:00\" >2026-04-29 16:58:52<\/span><span class='av-structured-data'  itemprop=\"dateModified\" itemtype=\"https:\/\/schema.org\/dateModified\" >2026-04-29 16:58:52<\/span><span class='av-structured-data'  itemprop=\"mainEntityOfPage\" itemtype=\"https:\/\/schema.org\/mainEntityOfPage\" ><span itemprop='name'>Anuncia el Gobierno de Parral restricci\u00f3n temporal de obras en el Pante\u00f3n Municipal de Dolores<\/span><\/span><\/span><\/article><article class=\"post-entry post-entry-type-standard post-entry-11166 post-loop-2 post-parity-even single-big with-slider post-11166 post type-post status-publish format-standard has-post-thumbnail hentry category-servicios-publicos\"  itemscope=\"itemscope\" itemtype=\"https:\/\/schema.org\/BlogPosting\" ><div class=\"big-preview single-big\"  itemprop=\"image\" itemscope=\"itemscope\" itemtype=\"https:\/\/schema.org\/ImageObject\" ><a href=\"https:\/\/hidalgodelparral.chihuahua.gob.mx\/?p=11166\"  title=\"IMG-20260423-WA0232\" ><img decoding=\"async\" loading=\"lazy\" width=\"900\" height=\"423\" src=\"https:\/\/hidalgodelparral.chihuahua.gob.mx\/wp-content\/uploads\/2026\/04\/IMG-20260423-WA0232-900x423.jpg\" class=\"wp-image-11167 avia-img-lazy-loading-11167 attachment-entry_without_sidebar size-entry_without_sidebar wp-post-image\" alt=\"\" \/><\/a><\/div><div class=\"blog-meta\"><\/div><div class='entry-content-wrapper clearfix standard-content'><header class=\"entry-content-header\" aria-label=\"Post: Refuerza Gobierno Municipal mantenimiento integral de \u00e1reas verdes en Parral\"><h2 class='post-title entry-title '  itemprop=\"headline\" ><a href=\"https:\/\/hidalgodelparral.chihuahua.gob.mx\/?p=11166\" rel=\"bookmark\" title=\"Permanent Link: Refuerza Gobierno Municipal mantenimiento integral de \u00e1reas verdes en Parral\">Refuerza Gobierno Municipal mantenimiento integral de \u00e1reas verdes en Parral<span class=\"post-format-icon minor-meta\"><\/span><\/a><\/h2><span class=\"post-meta-infos\"><time class=\"date-container minor-meta updated\"  itemprop=\"datePublished\" datetime=\"2026-04-24T02:39:20+00:00\" >24 abril, 2026<\/time><span class=\"text-sep\">\/<\/span><span class=\"blog-categories minor-meta\">in <a href=\"https:\/\/hidalgodelparral.chihuahua.gob.mx\/?cat=16\" rel=\"tag\">Servicios Publicos<\/a><\/span><span class=\"text-sep\">\/<\/span><span class=\"blog-author minor-meta\">by <span class=\"entry-author-link\"  itemprop=\"author\" ><span class=\"author\"><span class=\"fn\"><a href=\"https:\/\/hidalgodelparral.chihuahua.gob.mx\/?author=2\" title=\"Entradas de Comunicaci\u00f3n Social\" rel=\"author\">Comunicaci\u00f3n Social<\/a><\/span><\/span><\/span><\/span><\/span><\/header><div class=\"entry-content\"  itemprop=\"text\" ><p>Acciones estrat\u00e9gicas de riego, fertilizaci\u00f3n y limpieza elevan la imagen urbana y consolidan el cuidado del entorno<\/p>\n<p>Bajo la conducci\u00f3n del alcalde Salvador Calder\u00f3n Aguirre, la Direcci\u00f3n de Servicios P\u00fablicos intensific\u00f3 esta semana las labores de mantenimiento en distintos puntos de la ciudad, con el objetivo de preservar el patrimonio natural urbano y fortalecer los espacios de convivencia mediante acciones t\u00e9cnicas de riego, fertilizaci\u00f3n y limpieza especializada.<\/p>\n<p>En la colonia El Quijote se implement\u00f3 un sistema de conducci\u00f3n h\u00eddrica para 68 huizaches y 26 parras, optimizando el aprovechamiento del agua. De igual forma, en el sector El Pres\u00f3n y el acceso al Foro Villista se instalaron estructuras de soporte y cobertura vegetal con astilla, favoreciendo la retenci\u00f3n de humedad y el desarrollo de las especies.<\/p>\n<p>Como parte del fortalecimiento de las \u00e1reas verdes, se aplic\u00f3 fertilizante en magnolias de la Plaza Principal y Plaza de la Identidad, as\u00ed como en los maceteros de la avenida Independencia, impulsando su crecimiento y floraci\u00f3n. Paralelamente, se llev\u00f3 a cabo control fitosanitario en los cipreses del Distribuidor Vial Ni\u00f1os H\u00e9roes y se instal\u00f3 un sistema de riego por goteo mediante un t\u00f3tem de mil litros en el boulevard Parral.<\/p>\n<p>Las cuadrillas municipales tambi\u00e9n concluyeron trabajos en la plaza de la colonia La Huerta, adem\u00e1s de realizar acciones de desbroce, pintura y limpieza en diversos sectores de la ciudad.<\/p>\n<p>Con resultados visibles y trabajo permanente, el Gobierno Municipal de Parral refrenda su compromiso con el orden, la conservaci\u00f3n del entorno y la mejora continua de los espacios p\u00fablicos.<\/p>\n<p>Juntos lo Estamos Logrando<\/p>\n<\/div><footer class=\"entry-footer\"><\/footer><div class='post_delimiter'><\/div><\/div><div class=\"post_author_timeline\"><\/div><span class='hidden'>\n\t\t\t\t<span class='av-structured-data'  itemprop=\"image\" itemscope=\"itemscope\" itemtype=\"https:\/\/schema.org\/ImageObject\" >\n\t\t\t\t\t\t<span itemprop='url'>https:\/\/hidalgodelparral.chihuahua.gob.mx\/wp-content\/uploads\/2026\/04\/IMG-20260423-WA0232.jpg<\/span>\n\t\t\t\t\t\t<span itemprop='height'>1314<\/span>\n\t\t\t\t\t\t<span itemprop='width'>900<\/span>\n\t\t\t\t<\/span>\n\t\t\t\t<span class='av-structured-data'  itemprop=\"publisher\" itemtype=\"https:\/\/schema.org\/Organization\" itemscope=\"itemscope\" >\n\t\t\t\t\t\t<span itemprop='name'>Comunicaci\u00f3n Social<\/span>\n\t\t\t\t\t\t<span itemprop='logo' itemscope itemtype='https:\/\/schema.org\/ImageObject'>\n\t\t\t\t\t\t\t<span itemprop='url'>https:\/\/hidalgodelparral.chihuahua.gob.mx\/wp-content\/uploads\/2024\/11\/logo-enfold-300x138.png<\/span>\n\t\t\t\t\t\t<\/span>\n\t\t\t\t<\/span><span class='av-structured-data'  itemprop=\"author\" itemscope=\"itemscope\" itemtype=\"https:\/\/schema.org\/Person\" ><span itemprop='name'>Comunicaci\u00f3n Social<\/span><\/span><span class='av-structured-data'  itemprop=\"datePublished\" datetime=\"2026-04-24T02:39:20+00:00\" >2026-04-24 02:39:20<\/span><span class='av-structured-data'  itemprop=\"dateModified\" itemtype=\"https:\/\/schema.org\/dateModified\" >2026-04-24 02:39:20<\/span><span class='av-structured-data'  itemprop=\"mainEntityOfPage\" itemtype=\"https:\/\/schema.org\/mainEntityOfPage\" ><span itemprop='name'>Refuerza Gobierno Municipal mantenimiento integral de \u00e1reas verdes en Parral<\/span><\/span><\/span><\/article><article class=\"post-entry post-entry-type-standard post-entry-10998 post-loop-3 post-parity-odd post-entry-last single-big with-slider post-10998 post type-post status-publish format-standard has-post-thumbnail hentry category-servicios-publicos\"  itemscope=\"itemscope\" itemtype=\"https:\/\/schema.org\/BlogPosting\" ><div class=\"big-preview single-big\"  itemprop=\"image\" itemscope=\"itemscope\" itemtype=\"https:\/\/schema.org\/ImageObject\" ><a href=\"https:\/\/hidalgodelparral.chihuahua.gob.mx\/?p=10998\"  title=\"IMG-20260319-WA0053(1)\" ><img decoding=\"async\" loading=\"lazy\" width=\"1210\" height=\"423\" src=\"https:\/\/hidalgodelparral.chihuahua.gob.mx\/wp-content\/uploads\/2026\/03\/IMG-20260319-WA00531-1210x423.jpg\" class=\"wp-image-11001 avia-img-lazy-loading-11001 attachment-entry_without_sidebar size-entry_without_sidebar wp-post-image\" alt=\"\" \/><\/a><\/div><div class=\"blog-meta\"><\/div><div class='entry-content-wrapper clearfix standard-content'><header class=\"entry-content-header\" aria-label=\"Post: Intensifica el Gobierno de Parral acciones de limpieza y mantenimiento en espacios p\u00fablicos\"><h2 class='post-title entry-title '  itemprop=\"headline\" ><a href=\"https:\/\/hidalgodelparral.chihuahua.gob.mx\/?p=10998\" rel=\"bookmark\" title=\"Permanent Link: Intensifica el Gobierno de Parral acciones de limpieza y mantenimiento en espacios p\u00fablicos\">Intensifica el Gobierno de Parral acciones de limpieza y mantenimiento en espacios p\u00fablicos<span class=\"post-format-icon minor-meta\"><\/span><\/a><\/h2><span class=\"post-meta-infos\"><time class=\"date-container minor-meta updated\"  itemprop=\"datePublished\" datetime=\"2026-03-19T17:02:02+00:00\" >19 marzo, 2026<\/time><span class=\"text-sep\">\/<\/span><span class=\"blog-categories minor-meta\">in <a href=\"https:\/\/hidalgodelparral.chihuahua.gob.mx\/?cat=16\" rel=\"tag\">Servicios Publicos<\/a><\/span><span class=\"text-sep\">\/<\/span><span class=\"blog-author minor-meta\">by <span class=\"entry-author-link\"  itemprop=\"author\" ><span class=\"author\"><span class=\"fn\"><a href=\"https:\/\/hidalgodelparral.chihuahua.gob.mx\/?author=2\" title=\"Entradas de Comunicaci\u00f3n Social\" rel=\"author\">Comunicaci\u00f3n Social<\/a><\/span><\/span><\/span><\/span><\/span><\/header><div class=\"entry-content\"  itemprop=\"text\" ><p>La Direcci\u00f3n de Servicios P\u00fablicos despliega operativo integral en parques, plazas y vialidades del sector centro<\/p>\n<p>Como parte de los compromisos de la administraci\u00f3n municipal 2024-2027, encabezada por el alcalde Salvador Calder\u00f3n Aguirre, para ofrecer entornos dignos a las familias, se ejecut\u00f3 un operativo de limpieza profunda en diversos puntos estrat\u00e9gicos de la ciudad.<\/p>\n<p>A trav\u00e9s de la Direcci\u00f3n de Servicios P\u00fablicos, el Gobierno de Parral realiz\u00f3 labores de desbroce, recolecci\u00f3n de excedentes y mantenimiento general, con el prop\u00f3sito de optimizar la imagen urbana y garantizar la funcionalidad de las \u00e1reas recreativas y de tr\u00e1nsito peatonal en zonas de alta concurrencia.<\/p>\n<p>Los trabajos de intervenci\u00f3n se concentraron en arterias fundamentales y sitios de inter\u00e9s hist\u00f3rico, donde se realizaron tareas de aseo en las calles Donato Guerra, 15 de Mayo, Aldama, Constituci\u00f3n y Vallarta. Asimismo, el personal operativo atendi\u00f3 puntos de reuni\u00f3n familiar como el Parque del Ni\u00f1o y las inmediaciones de las calles Pablo Soto, Feliciano Dom\u00ednguez y Pensador Mexicano. En el sector del Puente Calicanto y la calle Libertad, se ejecutaron labores espec\u00edficas de retiro de residuos acumulados para mantener la est\u00e9tica de estos pasos tradicionales.<\/p>\n<p>De manera simult\u00e1nea, se procedi\u00f3 al retiro de vegetaci\u00f3n en la zona del desnivel de la Presidencia Municipal, evitando la obstrucci\u00f3n de los canales de desag\u00fce y mejorando el entorno visual del recinto.<\/p>\n<p>Estas acciones se complementaron con la limpieza en las calles D\u00e1maso y Jim\u00e9nez, asegurando que el coraz\u00f3n de la ciudad se mantenga en condiciones \u00f3ptimas para el disfrute de la ciudadan\u00eda.<\/p>\n<p>Mediante este despliegue constante, la administraci\u00f3n municipal reafirma su compromiso de trabajar diariamente en el rescate y la conservaci\u00f3n de los espacios que pertenecen a todos los parralenses.<\/p>\n<p>Juntos lo Vamos a Lograr<\/p>\n<\/div><footer class=\"entry-footer\"><\/footer><div class='post_delimiter'><\/div><\/div><div class=\"post_author_timeline\"><\/div><span class='hidden'>\n\t\t\t\t<span class='av-structured-data'  itemprop=\"image\" itemscope=\"itemscope\" itemtype=\"https:\/\/schema.org\/ImageObject\" >\n\t\t\t\t\t\t<span itemprop='url'>https:\/\/hidalgodelparral.chihuahua.gob.mx\/wp-content\/uploads\/2026\/03\/IMG-20260319-WA00531.jpg<\/span>\n\t\t\t\t\t\t<span itemprop='height'>1028<\/span>\n\t\t\t\t\t\t<span itemprop='width'>1280<\/span>\n\t\t\t\t<\/span>\n\t\t\t\t<span class='av-structured-data'  itemprop=\"publisher\" itemtype=\"https:\/\/schema.org\/Organization\" itemscope=\"itemscope\" >\n\t\t\t\t\t\t<span itemprop='name'>Comunicaci\u00f3n Social<\/span>\n\t\t\t\t\t\t<span itemprop='logo' itemscope itemtype='https:\/\/schema.org\/ImageObject'>\n\t\t\t\t\t\t\t<span itemprop='url'>https:\/\/hidalgodelparral.chihuahua.gob.mx\/wp-content\/uploads\/2024\/11\/logo-enfold-300x138.png<\/span>\n\t\t\t\t\t\t<\/span>\n\t\t\t\t<\/span><span class='av-structured-data'  itemprop=\"author\" itemscope=\"itemscope\" itemtype=\"https:\/\/schema.org\/Person\" ><span itemprop='name'>Comunicaci\u00f3n Social<\/span><\/span><span class='av-structured-data'  itemprop=\"datePublished\" datetime=\"2026-03-19T17:02:02+00:00\" >2026-03-19 17:02:02<\/span><span class='av-structured-data'  itemprop=\"dateModified\" itemtype=\"https:\/\/schema.org\/dateModified\" >2026-03-19 17:02:02<\/span><span class='av-structured-data'  itemprop=\"mainEntityOfPage\" itemtype=\"https:\/\/schema.org\/mainEntityOfPage\" ><span itemprop='name'>Intensifica el Gobierno de Parral acciones de limpieza y mantenimiento en espacios p\u00fablicos<\/span><\/span><\/span><\/article><div class='single-big'><nav class='pagination'><span class='pagination-meta'>Page 1 of 26<\/span><span class='current'>1<\/span><a href='https:\/\/hidalgodelparral.chihuahua.gob.mx\/index.php?rest_route=%2Fwp%2Fv2%2Fpages%2F3121&#038;paged=2' class='inactive next_page' >2<\/a><a href='https:\/\/hidalgodelparral.chihuahua.gob.mx\/index.php?rest_route=%2Fwp%2Fv2%2Fpages%2F3121&#038;paged=3' class='inactive' >3<\/a><a href='https:\/\/hidalgodelparral.chihuahua.gob.mx\/index.php?rest_route=%2Fwp%2Fv2%2Fpages%2F3121&#038;paged=2'>&rsaquo;<\/a><a href='https:\/\/hidalgodelparral.chihuahua.gob.mx\/index.php?rest_route=%2Fwp%2Fv2%2Fpages%2F3121&#038;paged=26'>&raquo;<\/a><\/nav>\n<\/div><\/div><\/div>\n","protected":false},"excerpt":{"rendered":"","protected":false},"author":1,"featured_media":0,"parent":0,"menu_order":0,"comment_status":"closed","ping_status":"closed","template":"","meta":{"footnotes":""},"class_list":["post-3121","page","type-page","status-publish","hentry"],"_links":{"self":[{"href":"https:\/\/hidalgodelparral.chihuahua.gob.mx\/index.php?rest_route=\/wp\/v2\/pages\/3121","targetHints":{"allow":["GET"]}}],"collection":[{"href":"https:\/\/hidalgodelparral.chihuahua.gob.mx\/index.php?rest_route=\/wp\/v2\/pages"}],"about":[{"href":"https:\/\/hidalgodelparral.chihuahua.gob.mx\/index.php?rest_route=\/wp\/v2\/types\/page"}],"author":[{"embeddable":true,"href":"https:\/\/hidalgodelparral.chihuahua.gob.mx\/index.php?rest_route=\/wp\/v2\/users\/1"}],"replies":[{"embeddable":true,"href":"https:\/\/hidalgodelparral.chihuahua.gob.mx\/index.php?rest_route=%2Fwp%2Fv2%2Fcomments&post=3121"}],"version-history":[{"count":2,"href":"https:\/\/hidalgodelparral.chihuahua.gob.mx\/index.php?rest_route=\/wp\/v2\/pages\/3121\/revisions"}],"predecessor-version":[{"id":3123,"href":"https:\/\/hidalgodelparral.chihuahua.gob.mx\/index.php?rest_route=\/wp\/v2\/pages\/3121\/revisions\/3123"}],"wp:attachment":[{"href":"https:\/\/hidalgodelparral.chihuahua.gob.mx\/index.php?rest_route=%2Fwp%2Fv2%2Fmedia&parent=3121"}],"curies":[{"name":"wp","href":"https:\/\/api.w.org\/{rel}","templated":true}]}}