{"id":3124,"date":"2025-02-27T19:04:58","date_gmt":"2025-02-27T19:04:58","guid":{"rendered":"https:\/\/hidalgodelparral.chihuahua.gob.mx\/?page_id=3124"},"modified":"2025-02-27T19:04:58","modified_gmt":"2025-02-27T19:04:58","slug":"instituto-municipal-del-deporte","status":"publish","type":"page","link":"https:\/\/hidalgodelparral.chihuahua.gob.mx\/?page_id=3124","title":{"rendered":"Instituto Municipal del Deporte"},"content":{"rendered":"<div id='av_section_1'  class='avia-section av-av_section-f22f0f9dd672aac3df52cf5913f6ac08 main_color avia-section-default avia-no-border-styling  avia-builder-el-0  avia-builder-el-no-sibling  avia-bg-style-scroll container_wrap fullsize'  ><div class='container av-section-cont-open' ><main  role=\"main\" itemprop=\"mainContentOfPage\"  class='template-page content  av-content-full alpha units'><div class='post-entry post-entry-type-page post-entry-3124'><div class='entry-content-wrapper clearfix'>\n<div  class='flex_column av-av_one_full-2d22dc0500e159f2b39fe7a147caf14c av_one_full  avia-builder-el-1  avia-builder-el-no-sibling  first flex_column_div  '     ><div  class='av-alb-blogposts template-blog  '  itemscope=\"itemscope\" itemtype=\"https:\/\/schema.org\/Blog\" ><article class=\"post-entry post-entry-type-standard post-entry-11147 post-loop-1 post-parity-odd single-big with-slider post-11147 post type-post status-publish format-standard has-post-thumbnail hentry category-instituto-municipal-del-deporte\"  itemscope=\"itemscope\" itemtype=\"https:\/\/schema.org\/BlogPosting\" ><div class=\"big-preview single-big\"  itemprop=\"image\" itemscope=\"itemscope\" itemtype=\"https:\/\/schema.org\/ImageObject\" ><a href=\"https:\/\/hidalgodelparral.chihuahua.gob.mx\/?p=11147\"  title=\"IMG-20260423-WA0046\" ><img decoding=\"async\" loading=\"lazy\" width=\"1210\" height=\"423\" src=\"https:\/\/hidalgodelparral.chihuahua.gob.mx\/wp-content\/uploads\/2026\/04\/IMG-20260423-WA0046-1210x423.jpg\" class=\"wp-image-11148 avia-img-lazy-loading-11148 attachment-entry_without_sidebar size-entry_without_sidebar wp-post-image\" alt=\"\" \/><\/a><\/div><div class=\"blog-meta\"><\/div><div class='entry-content-wrapper clearfix standard-content'><header class=\"entry-content-header\" aria-label=\"Post: Gobierno de Parral reconoce a campeones estatales y los impulsa rumbo a la etapa nacional\"><h2 class='post-title entry-title '  itemprop=\"headline\" ><a href=\"https:\/\/hidalgodelparral.chihuahua.gob.mx\/?p=11147\" rel=\"bookmark\" title=\"Permanent Link: Gobierno de Parral reconoce a campeones estatales y los impulsa rumbo a la etapa nacional\">Gobierno de Parral reconoce a campeones estatales y los impulsa rumbo a la etapa nacional<span class=\"post-format-icon minor-meta\"><\/span><\/a><\/h2><span class=\"post-meta-infos\"><time class=\"date-container minor-meta updated\"  itemprop=\"datePublished\" datetime=\"2026-04-23T15:54:51+00:00\" >23 abril, 2026<\/time><span class=\"text-sep\">\/<\/span><span class=\"blog-categories minor-meta\">in <a href=\"https:\/\/hidalgodelparral.chihuahua.gob.mx\/?cat=18\" rel=\"tag\">Instituto Municipal del Deporte<\/a><\/span><span class=\"text-sep\">\/<\/span><span class=\"blog-author minor-meta\">by <span class=\"entry-author-link\"  itemprop=\"author\" ><span class=\"author\"><span class=\"fn\"><a href=\"https:\/\/hidalgodelparral.chihuahua.gob.mx\/?author=2\" title=\"Entradas de Comunicaci\u00f3n Social\" rel=\"author\">Comunicaci\u00f3n Social<\/a><\/span><\/span><\/span><\/span><\/span><\/header><div class=\"entry-content\"  itemprop=\"text\" ><p>El municipio respalda a j\u00f3venes talentos que representar\u00e1n a Chihuahua en la siguiente fase de competencia<\/p>\n<p>En un ambiente de entusiasmo y orgullo, el Gobierno de Parral, encabezado por el alcalde Salvador Calder\u00f3n, a trav\u00e9s del Instituto Municipal del Deporte (Imudepa), reconoci\u00f3 al equipo campe\u00f3n de f\u00fatbol 5&#215;5 de los Juegos Deportivos Estatales de Educaci\u00f3n B\u00e1sica, as\u00ed como a dos atletas que obtuvieron el primer lugar en pruebas de atletismo.<\/p>\n<p>Los j\u00f3venes deportistas han puesto en alto el nombre de Parral al asegurar su participaci\u00f3n en la pr\u00f3xima etapa nacional, donde representar\u00e1n a Chihuahua con disciplina, esfuerzo y determinaci\u00f3n.<\/p>\n<p>Como parte del reconocimiento, se llev\u00f3 a cabo un desfile a bordo de la unidad de la Coordinaci\u00f3n de Protecci\u00f3n Civil y Bomberos, recorriendo vialidades principales como Tecnol\u00f3gico, Independencia, Centro Mercaderes, Ju\u00e1rez, Boulevard y Juan Rangel, en medio del aplauso de la ciudadan\u00eda.<\/p>\n<p>El Gobierno de Parral refrenda su compromiso con el impulso al deporte y el desarrollo de nuevas generaciones, respaldando a quienes con su talento y dedicaci\u00f3n se convierten en ejemplo para la comunidad.<\/p>\n<p>Juntos lo Estamos Logrando<\/p>\n<\/div><footer class=\"entry-footer\"><\/footer><div class='post_delimiter'><\/div><\/div><div class=\"post_author_timeline\"><\/div><span class='hidden'>\n\t\t\t\t<span class='av-structured-data'  itemprop=\"image\" itemscope=\"itemscope\" itemtype=\"https:\/\/schema.org\/ImageObject\" >\n\t\t\t\t\t\t<span itemprop='url'>https:\/\/hidalgodelparral.chihuahua.gob.mx\/wp-content\/uploads\/2026\/04\/IMG-20260423-WA0046.jpg<\/span>\n\t\t\t\t\t\t<span itemprop='height'>960<\/span>\n\t\t\t\t\t\t<span itemprop='width'>1280<\/span>\n\t\t\t\t<\/span>\n\t\t\t\t<span class='av-structured-data'  itemprop=\"publisher\" itemtype=\"https:\/\/schema.org\/Organization\" itemscope=\"itemscope\" >\n\t\t\t\t\t\t<span itemprop='name'>Comunicaci\u00f3n Social<\/span>\n\t\t\t\t\t\t<span itemprop='logo' itemscope itemtype='https:\/\/schema.org\/ImageObject'>\n\t\t\t\t\t\t\t<span itemprop='url'>https:\/\/hidalgodelparral.chihuahua.gob.mx\/wp-content\/uploads\/2024\/11\/logo-enfold-300x138.png<\/span>\n\t\t\t\t\t\t<\/span>\n\t\t\t\t<\/span><span class='av-structured-data'  itemprop=\"author\" itemscope=\"itemscope\" itemtype=\"https:\/\/schema.org\/Person\" ><span itemprop='name'>Comunicaci\u00f3n Social<\/span><\/span><span class='av-structured-data'  itemprop=\"datePublished\" datetime=\"2026-04-23T15:54:51+00:00\" >2026-04-23 15:54:51<\/span><span class='av-structured-data'  itemprop=\"dateModified\" itemtype=\"https:\/\/schema.org\/dateModified\" >2026-04-23 15:54:51<\/span><span class='av-structured-data'  itemprop=\"mainEntityOfPage\" itemtype=\"https:\/\/schema.org\/mainEntityOfPage\" ><span itemprop='name'>Gobierno de Parral reconoce a campeones estatales y los impulsa rumbo a la etapa nacional<\/span><\/span><\/span><\/article><article class=\"post-entry post-entry-type-standard post-entry-11012 post-loop-2 post-parity-even single-big with-slider post-11012 post type-post status-publish format-standard has-post-thumbnail hentry category-instituto-municipal-del-deporte\"  itemscope=\"itemscope\" itemtype=\"https:\/\/schema.org\/BlogPosting\" ><div class=\"big-preview single-big\"  itemprop=\"image\" itemscope=\"itemscope\" itemtype=\"https:\/\/schema.org\/ImageObject\" ><a href=\"https:\/\/hidalgodelparral.chihuahua.gob.mx\/?p=11012\"  title=\"IMG-20260319-WA0288\" ><img decoding=\"async\" loading=\"lazy\" width=\"859\" height=\"423\" src=\"https:\/\/hidalgodelparral.chihuahua.gob.mx\/wp-content\/uploads\/2026\/03\/IMG-20260319-WA0288-859x423.jpg\" class=\"wp-image-11013 avia-img-lazy-loading-11013 attachment-entry_without_sidebar size-entry_without_sidebar wp-post-image\" alt=\"\" \/><\/a><\/div><div class=\"blog-meta\"><\/div><div class='entry-content-wrapper clearfix standard-content'><header class=\"entry-content-header\" aria-label=\"Post: Alcalde de Parral gestiona ante la CONADE soluciones para el Polideportivo\"><h2 class='post-title entry-title '  itemprop=\"headline\" ><a href=\"https:\/\/hidalgodelparral.chihuahua.gob.mx\/?p=11012\" rel=\"bookmark\" title=\"Permanent Link: Alcalde de Parral gestiona ante la CONADE soluciones para el Polideportivo\">Alcalde de Parral gestiona ante la CONADE soluciones para el Polideportivo<span class=\"post-format-icon minor-meta\"><\/span><\/a><\/h2><span class=\"post-meta-infos\"><time class=\"date-container minor-meta updated\"  itemprop=\"datePublished\" datetime=\"2026-03-20T00:58:57+00:00\" >20 marzo, 2026<\/time><span class=\"text-sep\">\/<\/span><span class=\"blog-categories minor-meta\">in <a href=\"https:\/\/hidalgodelparral.chihuahua.gob.mx\/?cat=18\" rel=\"tag\">Instituto Municipal del Deporte<\/a><\/span><span class=\"text-sep\">\/<\/span><span class=\"blog-author minor-meta\">by <span class=\"entry-author-link\"  itemprop=\"author\" ><span class=\"author\"><span class=\"fn\"><a href=\"https:\/\/hidalgodelparral.chihuahua.gob.mx\/?author=2\" title=\"Entradas de Comunicaci\u00f3n Social\" rel=\"author\">Comunicaci\u00f3n Social<\/a><\/span><\/span><\/span><\/span><\/span><\/header><div class=\"entry-content\"  itemprop=\"text\" ><p>Durante la reuni\u00f3n tambi\u00e9n se abordaron temas relacionados con apoyos al \u00e1mbito cultural en beneficio del municipio<\/p>\n<p>El alcalde de Parral, Salvador Calder\u00f3n, sostuvo una reuni\u00f3n con autoridades de la Comisi\u00f3n Nacional de Cultura F\u00edsica y Deporte (CONADE), con el objetivo de gestionar acciones viables que permitan atender la situaci\u00f3n del Polideportivo en la ciudad.<\/p>\n<p>El presidente municipal estuvo acompa\u00f1ado por el secretario del Ayuntamiento, Jorge Cordero, y el director de Cultura, Carlos Silva, quienes participaron en el di\u00e1logo con Adriana Mora, jefa del Departamento Consultivo, quien recibi\u00f3 formalmente las solicitudes planteadas por la comitiva parralense.<\/p>\n<p>Durante el encuentro, adem\u00e1s de los temas relacionados con infraestructura deportiva, se abordaron asuntos vinculados a apoyos para el fortalecimiento de la cultura, con el prop\u00f3sito de impulsar proyectos que beneficien a la comunidad en ambos rubros.<\/p>\n<p>El edil reiter\u00f3 su compromiso de continuar gestionando ante las instancias correspondientes, con el prop\u00f3sito de obtener resultados concretos que contribuyan al desarrollo deportivo y cultural de Parral.<\/p>\n<p>Juntos lo Vamos a Lograr<\/p>\n<\/div><footer class=\"entry-footer\"><\/footer><div class='post_delimiter'><\/div><\/div><div class=\"post_author_timeline\"><\/div><span class='hidden'>\n\t\t\t\t<span class='av-structured-data'  itemprop=\"image\" itemscope=\"itemscope\" itemtype=\"https:\/\/schema.org\/ImageObject\" >\n\t\t\t\t\t\t<span itemprop='url'>https:\/\/hidalgodelparral.chihuahua.gob.mx\/wp-content\/uploads\/2026\/03\/IMG-20260319-WA0288.jpg<\/span>\n\t\t\t\t\t\t<span itemprop='height'>1090<\/span>\n\t\t\t\t\t\t<span itemprop='width'>859<\/span>\n\t\t\t\t<\/span>\n\t\t\t\t<span class='av-structured-data'  itemprop=\"publisher\" itemtype=\"https:\/\/schema.org\/Organization\" itemscope=\"itemscope\" >\n\t\t\t\t\t\t<span itemprop='name'>Comunicaci\u00f3n Social<\/span>\n\t\t\t\t\t\t<span itemprop='logo' itemscope itemtype='https:\/\/schema.org\/ImageObject'>\n\t\t\t\t\t\t\t<span itemprop='url'>https:\/\/hidalgodelparral.chihuahua.gob.mx\/wp-content\/uploads\/2024\/11\/logo-enfold-300x138.png<\/span>\n\t\t\t\t\t\t<\/span>\n\t\t\t\t<\/span><span class='av-structured-data'  itemprop=\"author\" itemscope=\"itemscope\" itemtype=\"https:\/\/schema.org\/Person\" ><span itemprop='name'>Comunicaci\u00f3n Social<\/span><\/span><span class='av-structured-data'  itemprop=\"datePublished\" datetime=\"2026-03-20T00:58:57+00:00\" >2026-03-20 00:58:57<\/span><span class='av-structured-data'  itemprop=\"dateModified\" itemtype=\"https:\/\/schema.org\/dateModified\" >2026-03-20 00:58:57<\/span><span class='av-structured-data'  itemprop=\"mainEntityOfPage\" itemtype=\"https:\/\/schema.org\/mainEntityOfPage\" ><span itemprop='name'>Alcalde de Parral gestiona ante la CONADE soluciones para el Polideportivo<\/span><\/span><\/span><\/article><article class=\"post-entry post-entry-type-standard post-entry-10823 post-loop-3 post-parity-odd post-entry-last single-big with-slider post-10823 post type-post status-publish format-standard has-post-thumbnail hentry category-instituto-municipal-del-deporte\"  itemscope=\"itemscope\" itemtype=\"https:\/\/schema.org\/BlogPosting\" ><div class=\"big-preview single-big\"  itemprop=\"image\" itemscope=\"itemscope\" itemtype=\"https:\/\/schema.org\/ImageObject\" ><a href=\"https:\/\/hidalgodelparral.chihuahua.gob.mx\/?p=10823\"  title=\"IMG-20260311-WA0155\" ><img decoding=\"async\" loading=\"lazy\" width=\"1210\" height=\"423\" src=\"https:\/\/hidalgodelparral.chihuahua.gob.mx\/wp-content\/uploads\/2026\/03\/IMG-20260311-WA0155-1210x423.jpg\" class=\"wp-image-10824 avia-img-lazy-loading-10824 attachment-entry_without_sidebar size-entry_without_sidebar wp-post-image\" alt=\"\" \/><\/a><\/div><div class=\"blog-meta\"><\/div><div class='entry-content-wrapper clearfix standard-content'><header class=\"entry-content-header\" aria-label=\"Post: Anuncia el Gobierno de Parral la reapertura de la Alberca Semiol\u00edmpica de Parral\"><h2 class='post-title entry-title '  itemprop=\"headline\" ><a href=\"https:\/\/hidalgodelparral.chihuahua.gob.mx\/?p=10823\" rel=\"bookmark\" title=\"Permanent Link: Anuncia el Gobierno de Parral la reapertura de la Alberca Semiol\u00edmpica de Parral\">Anuncia el Gobierno de Parral la reapertura de la Alberca Semiol\u00edmpica de Parral<span class=\"post-format-icon minor-meta\"><\/span><\/a><\/h2><span class=\"post-meta-infos\"><time class=\"date-container minor-meta updated\"  itemprop=\"datePublished\" datetime=\"2026-03-11T21:57:53+00:00\" >11 marzo, 2026<\/time><span class=\"text-sep\">\/<\/span><span class=\"blog-categories minor-meta\">in <a href=\"https:\/\/hidalgodelparral.chihuahua.gob.mx\/?cat=18\" rel=\"tag\">Instituto Municipal del Deporte<\/a><\/span><span class=\"text-sep\">\/<\/span><span class=\"blog-author minor-meta\">by <span class=\"entry-author-link\"  itemprop=\"author\" ><span class=\"author\"><span class=\"fn\"><a href=\"https:\/\/hidalgodelparral.chihuahua.gob.mx\/?author=2\" title=\"Entradas de Comunicaci\u00f3n Social\" rel=\"author\">Comunicaci\u00f3n Social<\/a><\/span><\/span><\/span><\/span><\/span><\/header><div class=\"entry-content\"  itemprop=\"text\" ><p>Deporte, salud y espacios dignos para las familias<\/p>\n<p>El Gobierno de Parral, a trav\u00e9s del Instituto Municipal del Deporte (Imudepa), anunci\u00f3 la reapertura de la alberca semiol\u00edmpica este pr\u00f3ximo 12 de marzo, reafirmando el compromiso del alcalde Salvador Calder\u00f3n de ofrecer espacios deportivos dignos, seguros y en \u00f3ptimas condiciones para el disfrute de las familias parralenses.<\/p>\n<p>Como cada a\u00f1o, se impartir\u00e1n cursos de nataci\u00f3n dirigidos a ni\u00f1as, ni\u00f1os y adultos, con horarios de 4:00 a 6:00 de la tarde, mientras que para adultos mayores se brindar\u00e1n clases de 7:00 a 8:00 de la noche. Estos cursos ser\u00e1n impartidos por instructores capacitados, garantizando atenci\u00f3n profesional y un entorno adecuado para la pr\u00e1ctica deportiva.<\/p>\n<p>Adem\u00e1s, las y los adultos mayores que deseen acudir durante la ma\u00f1ana podr\u00e1n hacerlo en un horario de 6:00 a 9:00 de la ma\u00f1ana. Asimismo, el servicio de nado libre estar\u00e1 disponible en todos los horarios, permitiendo que la ciudadan\u00eda pueda aprovechar las instalaciones de acuerdo con sus necesidades.<\/p>\n<p>El costo para hacer uso de la alberca ser\u00e1 de $1,060 pesos con instructor y $850 pesos en modalidad de nado libre.<\/p>\n<p>Cabe destacar que durante el periodo comprendido entre diciembre y marzo se realizaron diversos trabajos de mantenimiento y mejora en las instalaciones, entre los que destacan:<br \/>\n-Reparaci\u00f3n de tapetes solares<br \/>\n-Mantenimiento de canceler\u00eda<br \/>\n-Pintura e iluminaci\u00f3n<br \/>\n-Limpieza mayor de las instalaciones<br \/>\n-Tratamiento del agua y aplicaci\u00f3n de qu\u00edmicos necesarios para cumplir con todas las medidas de higiene y seguridad para las y los usuarios<\/p>\n<p>Estas labores se llevaron a cabo con el apoyo de las direcciones de Obras P\u00fablicas y Servicios P\u00fablicos, garantizando que el espacio se encuentre en condiciones \u00f3ptimas para su reapertura.<\/p>\n<p>Asimismo, se cuenta con el respaldo permanente de la Direcci\u00f3n de Seguridad P\u00fablica Municipal, con el objetivo de salvaguardar la integridad de quienes acuden a disfrutar de este espacio deportivo.<\/p>\n<p>Juntos lo Vamos a Lograr<\/p>\n<\/div><footer class=\"entry-footer\"><\/footer><div class='post_delimiter'><\/div><\/div><div class=\"post_author_timeline\"><\/div><span class='hidden'>\n\t\t\t\t<span class='av-structured-data'  itemprop=\"image\" itemscope=\"itemscope\" itemtype=\"https:\/\/schema.org\/ImageObject\" >\n\t\t\t\t\t\t<span itemprop='url'>https:\/\/hidalgodelparral.chihuahua.gob.mx\/wp-content\/uploads\/2026\/03\/IMG-20260311-WA0155.jpg<\/span>\n\t\t\t\t\t\t<span itemprop='height'>720<\/span>\n\t\t\t\t\t\t<span itemprop='width'>1280<\/span>\n\t\t\t\t<\/span>\n\t\t\t\t<span class='av-structured-data'  itemprop=\"publisher\" itemtype=\"https:\/\/schema.org\/Organization\" itemscope=\"itemscope\" >\n\t\t\t\t\t\t<span itemprop='name'>Comunicaci\u00f3n Social<\/span>\n\t\t\t\t\t\t<span itemprop='logo' itemscope itemtype='https:\/\/schema.org\/ImageObject'>\n\t\t\t\t\t\t\t<span itemprop='url'>https:\/\/hidalgodelparral.chihuahua.gob.mx\/wp-content\/uploads\/2024\/11\/logo-enfold-300x138.png<\/span>\n\t\t\t\t\t\t<\/span>\n\t\t\t\t<\/span><span class='av-structured-data'  itemprop=\"author\" itemscope=\"itemscope\" itemtype=\"https:\/\/schema.org\/Person\" ><span itemprop='name'>Comunicaci\u00f3n Social<\/span><\/span><span class='av-structured-data'  itemprop=\"datePublished\" datetime=\"2026-03-11T21:57:53+00:00\" >2026-03-11 21:57:53<\/span><span class='av-structured-data'  itemprop=\"dateModified\" itemtype=\"https:\/\/schema.org\/dateModified\" >2026-03-11 21:57:53<\/span><span class='av-structured-data'  itemprop=\"mainEntityOfPage\" itemtype=\"https:\/\/schema.org\/mainEntityOfPage\" ><span itemprop='name'>Anuncia el Gobierno de Parral la reapertura de la Alberca Semiol\u00edmpica de Parral<\/span><\/span><\/span><\/article><div class='single-big'><nav class='pagination'><span class='pagination-meta'>Page 1 of 27<\/span><span class='current'>1<\/span><a href='https:\/\/hidalgodelparral.chihuahua.gob.mx\/index.php?rest_route=%2Fwp%2Fv2%2Fpages%2F3124&#038;paged=2' class='inactive next_page' >2<\/a><a href='https:\/\/hidalgodelparral.chihuahua.gob.mx\/index.php?rest_route=%2Fwp%2Fv2%2Fpages%2F3124&#038;paged=3' class='inactive' >3<\/a><a href='https:\/\/hidalgodelparral.chihuahua.gob.mx\/index.php?rest_route=%2Fwp%2Fv2%2Fpages%2F3124&#038;paged=2'>&rsaquo;<\/a><a href='https:\/\/hidalgodelparral.chihuahua.gob.mx\/index.php?rest_route=%2Fwp%2Fv2%2Fpages%2F3124&#038;paged=27'>&raquo;<\/a><\/nav>\n<\/div><\/div><\/div>\n","protected":false},"excerpt":{"rendered":"","protected":false},"author":1,"featured_media":0,"parent":0,"menu_order":0,"comment_status":"closed","ping_status":"closed","template":"","meta":{"footnotes":""},"class_list":["post-3124","page","type-page","status-publish","hentry"],"_links":{"self":[{"href":"https:\/\/hidalgodelparral.chihuahua.gob.mx\/index.php?rest_route=\/wp\/v2\/pages\/3124","targetHints":{"allow":["GET"]}}],"collection":[{"href":"https:\/\/hidalgodelparral.chihuahua.gob.mx\/index.php?rest_route=\/wp\/v2\/pages"}],"about":[{"href":"https:\/\/hidalgodelparral.chihuahua.gob.mx\/index.php?rest_route=\/wp\/v2\/types\/page"}],"author":[{"embeddable":true,"href":"https:\/\/hidalgodelparral.chihuahua.gob.mx\/index.php?rest_route=\/wp\/v2\/users\/1"}],"replies":[{"embeddable":true,"href":"https:\/\/hidalgodelparral.chihuahua.gob.mx\/index.php?rest_route=%2Fwp%2Fv2%2Fcomments&post=3124"}],"version-history":[{"count":2,"href":"https:\/\/hidalgodelparral.chihuahua.gob.mx\/index.php?rest_route=\/wp\/v2\/pages\/3124\/revisions"}],"predecessor-version":[{"id":3126,"href":"https:\/\/hidalgodelparral.chihuahua.gob.mx\/index.php?rest_route=\/wp\/v2\/pages\/3124\/revisions\/3126"}],"wp:attachment":[{"href":"https:\/\/hidalgodelparral.chihuahua.gob.mx\/index.php?rest_route=%2Fwp%2Fv2%2Fmedia&parent=3124"}],"curies":[{"name":"wp","href":"https:\/\/api.w.org\/{rel}","templated":true}]}}