{"id":3127,"date":"2025-02-27T19:05:31","date_gmt":"2025-02-27T19:05:31","guid":{"rendered":"https:\/\/hidalgodelparral.chihuahua.gob.mx\/?page_id=3127"},"modified":"2025-02-27T19:05:31","modified_gmt":"2025-02-27T19:05:31","slug":"instituto-de-la-mujer","status":"publish","type":"page","link":"https:\/\/hidalgodelparral.chihuahua.gob.mx\/?page_id=3127","title":{"rendered":"Instituto de la Mujer"},"content":{"rendered":"<div id='av_section_1'  class='avia-section av-av_section-f22f0f9dd672aac3df52cf5913f6ac08 main_color avia-section-default avia-no-border-styling  avia-builder-el-0  avia-builder-el-no-sibling  avia-bg-style-scroll container_wrap fullsize'  ><div class='container av-section-cont-open' ><main  role=\"main\" itemprop=\"mainContentOfPage\"  class='template-page content  av-content-full alpha units'><div class='post-entry post-entry-type-page post-entry-3127'><div class='entry-content-wrapper clearfix'>\n<div  class='flex_column av-av_one_full-2d22dc0500e159f2b39fe7a147caf14c av_one_full  avia-builder-el-1  avia-builder-el-no-sibling  first flex_column_div  '     ><div  class='av-alb-blogposts template-blog  '  itemscope=\"itemscope\" itemtype=\"https:\/\/schema.org\/Blog\" ><article class=\"post-entry post-entry-type-standard post-entry-11037 post-loop-1 post-parity-odd single-big with-slider post-11037 post type-post status-publish format-standard has-post-thumbnail hentry category-instituto-de-la-mujer-parral\"  itemscope=\"itemscope\" itemtype=\"https:\/\/schema.org\/BlogPosting\" ><div class=\"big-preview single-big\"  itemprop=\"image\" itemscope=\"itemscope\" itemtype=\"https:\/\/schema.org\/ImageObject\" ><a href=\"https:\/\/hidalgodelparral.chihuahua.gob.mx\/?p=11037\"  title=\"IMG-20260320-WA0441\" ><img decoding=\"async\" loading=\"lazy\" width=\"1210\" height=\"423\" src=\"https:\/\/hidalgodelparral.chihuahua.gob.mx\/wp-content\/uploads\/2026\/03\/IMG-20260320-WA0441-1210x423.jpg\" class=\"wp-image-11038 avia-img-lazy-loading-11038 attachment-entry_without_sidebar size-entry_without_sidebar wp-post-image\" alt=\"\" \/><\/a><\/div><div class=\"blog-meta\"><\/div><div class='entry-content-wrapper clearfix standard-content'><header class=\"entry-content-header\" aria-label=\"Post: Impulsa Gobierno Municipal el talento femenino con el concurso \u201cMujeres que Transforman\u201d en Parral\"><h2 class='post-title entry-title '  itemprop=\"headline\" ><a href=\"https:\/\/hidalgodelparral.chihuahua.gob.mx\/?p=11037\" rel=\"bookmark\" title=\"Permanent Link: Impulsa Gobierno Municipal el talento femenino con el concurso \u201cMujeres que Transforman\u201d en Parral\">Impulsa Gobierno Municipal el talento femenino con el concurso \u201cMujeres que Transforman\u201d en Parral<span class=\"post-format-icon minor-meta\"><\/span><\/a><\/h2><span class=\"post-meta-infos\"><time class=\"date-container minor-meta updated\"  itemprop=\"datePublished\" datetime=\"2026-03-21T15:33:26+00:00\" >21 marzo, 2026<\/time><span class=\"text-sep\">\/<\/span><span class=\"blog-categories minor-meta\">in <a href=\"https:\/\/hidalgodelparral.chihuahua.gob.mx\/?cat=11\" rel=\"tag\">Instituto de la Mujer Parral<\/a><\/span><span class=\"text-sep\">\/<\/span><span class=\"blog-author minor-meta\">by <span class=\"entry-author-link\"  itemprop=\"author\" ><span class=\"author\"><span class=\"fn\"><a href=\"https:\/\/hidalgodelparral.chihuahua.gob.mx\/?author=2\" title=\"Entradas de Comunicaci\u00f3n Social\" rel=\"author\">Comunicaci\u00f3n Social<\/a><\/span><\/span><\/span><\/span><\/span><\/header><div class=\"entry-content\"  itemprop=\"text\" ><p>La iniciativa fortalece el emprendimiento femenino, reconoce el talento local y otorga apoyos econ\u00f3micos<\/p>\n<p>El alcalde Salvador Calder\u00f3n, acompa\u00f1ado de su esposa Nora Carrillo de Calder\u00f3n, encabez\u00f3 el concurso \u201cMujeres que Transforman\u201d, un acto cuya finalidad es impulsar el desarrollo y la proyecci\u00f3n de mujeres emprendedoras de Parral, brind\u00e1ndoles un espacio para mostrar su talento y fortalecer sus iniciativas productivas.<\/p>\n<p>En su mensaje, el Presidente Municipal destac\u00f3 que esta iniciativa se enmarca en la conmemoraci\u00f3n del D\u00eda Internacional de la Mujer y tiene como prop\u00f3sito fomentar el crecimiento econ\u00f3mico de las participantes.<\/p>\n<p>Subray\u00f3 que este espacio permite celebrar su esfuerzo y determinaci\u00f3n mediante la promoci\u00f3n de sus productos, el fortalecimiento de sus capacidades empresariales y la generaci\u00f3n de herramientas que les ayuden a consolidar sus proyectos.<\/p>\n<p>Asimismo, expres\u00f3 su agradecimiento a Teresita Esparza y al equipo del Instituto de la Mujer, as\u00ed como a Giovana Rodr\u00edguez de la Direcci\u00f3n de Desarrollo Econ\u00f3mico, por hacer posible este evento. Tambi\u00e9n reconoci\u00f3 la participaci\u00f3n de los jueces Sol Hern\u00e1ndez, directora de Coparmex; Carlos Bremer, presidente de Fechac; y la catedr\u00e1tica Avelina Tar\u00edn, por su respaldo y compromiso con las emprendedoras.<\/p>\n<p>Durante el evento se premi\u00f3 a las participantes destacadas con apoyos en especie: tres premios especiales de 5 mil pesos para el emprendimiento de Conservas Georgina, Bolsas Meraki, Pi\u00f1atas Yayus.<\/p>\n<p>Asimismo el 3er premio de $10 mil pesos fue otorgado a chocolates Alas Para Volar; el 2do lugar de $20 mil pesos fue para dulces de leche Margaritas y al 1er lugar se otorg\u00f3 un cheque de $30 mil pesos a Delicias del Hogar.<\/p>\n<p>El Alcalde reiter\u00f3 su reconocimiento a todas las mujeres parralenses, resaltando su valent\u00eda, creatividad y perseverancia como pilares fundamentales para el desarrollo de la comunidad, y reafirm\u00f3 el compromiso del gobierno municipal de seguir impulsando oportunidades para su crecimiento.<\/p>\n<p>Juntos lo Vamos a Lograr<\/p>\n<\/div><footer class=\"entry-footer\"><\/footer><div class='post_delimiter'><\/div><\/div><div class=\"post_author_timeline\"><\/div><span class='hidden'>\n\t\t\t\t<span class='av-structured-data'  itemprop=\"image\" itemscope=\"itemscope\" itemtype=\"https:\/\/schema.org\/ImageObject\" >\n\t\t\t\t\t\t<span itemprop='url'>https:\/\/hidalgodelparral.chihuahua.gob.mx\/wp-content\/uploads\/2026\/03\/IMG-20260320-WA0441.jpg<\/span>\n\t\t\t\t\t\t<span itemprop='height'>900<\/span>\n\t\t\t\t\t\t<span itemprop='width'>1600<\/span>\n\t\t\t\t<\/span>\n\t\t\t\t<span class='av-structured-data'  itemprop=\"publisher\" itemtype=\"https:\/\/schema.org\/Organization\" itemscope=\"itemscope\" >\n\t\t\t\t\t\t<span itemprop='name'>Comunicaci\u00f3n Social<\/span>\n\t\t\t\t\t\t<span itemprop='logo' itemscope itemtype='https:\/\/schema.org\/ImageObject'>\n\t\t\t\t\t\t\t<span itemprop='url'>https:\/\/hidalgodelparral.chihuahua.gob.mx\/wp-content\/uploads\/2024\/11\/logo-enfold-300x138.png<\/span>\n\t\t\t\t\t\t<\/span>\n\t\t\t\t<\/span><span class='av-structured-data'  itemprop=\"author\" itemscope=\"itemscope\" itemtype=\"https:\/\/schema.org\/Person\" ><span itemprop='name'>Comunicaci\u00f3n Social<\/span><\/span><span class='av-structured-data'  itemprop=\"datePublished\" datetime=\"2026-03-21T15:33:26+00:00\" >2026-03-21 15:33:26<\/span><span class='av-structured-data'  itemprop=\"dateModified\" itemtype=\"https:\/\/schema.org\/dateModified\" >2026-03-21 15:33:26<\/span><span class='av-structured-data'  itemprop=\"mainEntityOfPage\" itemtype=\"https:\/\/schema.org\/mainEntityOfPage\" ><span itemprop='name'>Impulsa Gobierno Municipal el talento femenino con el concurso \u201cMujeres que Transforman\u201d en Parral<\/span><\/span><\/span><\/article><article class=\"post-entry post-entry-type-standard post-entry-10974 post-loop-2 post-parity-even single-big with-slider post-10974 post type-post status-publish format-standard has-post-thumbnail hentry category-instituto-de-la-mujer-parral\"  itemscope=\"itemscope\" itemtype=\"https:\/\/schema.org\/BlogPosting\" ><div class=\"big-preview single-big\"  itemprop=\"image\" itemscope=\"itemscope\" itemtype=\"https:\/\/schema.org\/ImageObject\" ><a href=\"https:\/\/hidalgodelparral.chihuahua.gob.mx\/?p=10974\"  title=\"IMG-20260317-WA0238\" ><img decoding=\"async\" loading=\"lazy\" width=\"1131\" height=\"423\" src=\"https:\/\/hidalgodelparral.chihuahua.gob.mx\/wp-content\/uploads\/2026\/03\/IMG-20260317-WA0238-1131x423.jpg\" class=\"wp-image-10975 avia-img-lazy-loading-10975 attachment-entry_without_sidebar size-entry_without_sidebar wp-post-image\" alt=\"\" \/><\/a><\/div><div class=\"blog-meta\"><\/div><div class='entry-content-wrapper clearfix standard-content'><header class=\"entry-content-header\" aria-label=\"Post: Impulsa Gobierno de Parral el emprendimiento femenino con \u201cMujeres que Transforman\u201d\"><h2 class='post-title entry-title '  itemprop=\"headline\" ><a href=\"https:\/\/hidalgodelparral.chihuahua.gob.mx\/?p=10974\" rel=\"bookmark\" title=\"Permanent Link: Impulsa Gobierno de Parral el emprendimiento femenino con \u201cMujeres que Transforman\u201d\">Impulsa Gobierno de Parral el emprendimiento femenino con \u201cMujeres que Transforman\u201d<span class=\"post-format-icon minor-meta\"><\/span><\/a><\/h2><span class=\"post-meta-infos\"><time class=\"date-container minor-meta updated\"  itemprop=\"datePublished\" datetime=\"2026-03-18T01:33:06+00:00\" >18 marzo, 2026<\/time><span class=\"text-sep\">\/<\/span><span class=\"blog-categories minor-meta\">in <a href=\"https:\/\/hidalgodelparral.chihuahua.gob.mx\/?cat=11\" rel=\"tag\">Instituto de la Mujer Parral<\/a><\/span><span class=\"text-sep\">\/<\/span><span class=\"blog-author minor-meta\">by <span class=\"entry-author-link\"  itemprop=\"author\" ><span class=\"author\"><span class=\"fn\"><a href=\"https:\/\/hidalgodelparral.chihuahua.gob.mx\/?author=2\" title=\"Entradas de Comunicaci\u00f3n Social\" rel=\"author\">Comunicaci\u00f3n Social<\/a><\/span><\/span><\/span><\/span><\/span><\/header><div class=\"entry-content\"  itemprop=\"text\" ><p>Convocan a mujeres parralenses a fortalecer sus proyectos productivos con premios en especie de hasta 30 mil pesos<\/p>\n<p>El Gobierno de Parral, encabezado por el alcalde Salvador Calder\u00f3n, a trav\u00e9s de la Direcci\u00f3n de Desarrollo Econ\u00f3mico y el Instituto de la Mujer, convoca a mujeres emprendedoras del municipio a participar en el programa \u201cMujeres que Transforman\u201d, iniciativa orientada a impulsar el talento, la creatividad y el desarrollo empresarial femenino.<\/p>\n<p>Las interesadas deber\u00e1n cumplir con los siguientes requisitos: ser mayores de edad, radicar en Parral, elaborar su producto desde cero y presentar un plan de negocio.<\/p>\n<p>El registro estar\u00e1 abierto hasta el 19 de marzo y podr\u00e1 realizarse en las oficinas de la Direcci\u00f3n de Desarrollo Econ\u00f3mico, ubicadas en Mina La Prieta, o en el Instituto de la Mujer, en el Archivo Hist\u00f3rico Municipal, en un horario de 9:00 a 15:00 horas.<\/p>\n<p>Las ganadoras recibir\u00e1n premios en especie para el fortalecimiento de sus emprendimientos: 30 mil pesos para el primer lugar, 20 mil pesos para el segundo y 10 mil pesos para el tercero.<\/p>\n<p>Con este tipo de acciones, el Gobierno Municipal refrenda su compromiso con el impulso al desarrollo econ\u00f3mico y la participaci\u00f3n de las mujeres en el \u00e1mbito productivo.<\/p>\n<p>Juntos lo Vamos a Lograr<\/p>\n<\/div><footer class=\"entry-footer\"><\/footer><div class='post_delimiter'><\/div><\/div><div class=\"post_author_timeline\"><\/div><span class='hidden'>\n\t\t\t\t<span class='av-structured-data'  itemprop=\"image\" itemscope=\"itemscope\" itemtype=\"https:\/\/schema.org\/ImageObject\" >\n\t\t\t\t\t\t<span itemprop='url'>https:\/\/hidalgodelparral.chihuahua.gob.mx\/wp-content\/uploads\/2026\/03\/IMG-20260317-WA0238.jpg<\/span>\n\t\t\t\t\t\t<span itemprop='height'>1600<\/span>\n\t\t\t\t\t\t<span itemprop='width'>1131<\/span>\n\t\t\t\t<\/span>\n\t\t\t\t<span class='av-structured-data'  itemprop=\"publisher\" itemtype=\"https:\/\/schema.org\/Organization\" itemscope=\"itemscope\" >\n\t\t\t\t\t\t<span itemprop='name'>Comunicaci\u00f3n Social<\/span>\n\t\t\t\t\t\t<span itemprop='logo' itemscope itemtype='https:\/\/schema.org\/ImageObject'>\n\t\t\t\t\t\t\t<span itemprop='url'>https:\/\/hidalgodelparral.chihuahua.gob.mx\/wp-content\/uploads\/2024\/11\/logo-enfold-300x138.png<\/span>\n\t\t\t\t\t\t<\/span>\n\t\t\t\t<\/span><span class='av-structured-data'  itemprop=\"author\" itemscope=\"itemscope\" itemtype=\"https:\/\/schema.org\/Person\" ><span itemprop='name'>Comunicaci\u00f3n Social<\/span><\/span><span class='av-structured-data'  itemprop=\"datePublished\" datetime=\"2026-03-18T01:33:06+00:00\" >2026-03-18 01:33:06<\/span><span class='av-structured-data'  itemprop=\"dateModified\" itemtype=\"https:\/\/schema.org\/dateModified\" >2026-03-18 01:33:06<\/span><span class='av-structured-data'  itemprop=\"mainEntityOfPage\" itemtype=\"https:\/\/schema.org\/mainEntityOfPage\" ><span itemprop='name'>Impulsa Gobierno de Parral el emprendimiento femenino con \u201cMujeres que Transforman\u201d<\/span><\/span><\/span><\/article><article class=\"post-entry post-entry-type-standard post-entry-10871 post-loop-3 post-parity-odd post-entry-last single-big with-slider post-10871 post type-post status-publish format-standard has-post-thumbnail hentry category-instituto-de-la-mujer-parral\"  itemscope=\"itemscope\" itemtype=\"https:\/\/schema.org\/BlogPosting\" ><div class=\"big-preview single-big\"  itemprop=\"image\" itemscope=\"itemscope\" itemtype=\"https:\/\/schema.org\/ImageObject\" ><a href=\"https:\/\/hidalgodelparral.chihuahua.gob.mx\/?p=10871\"  title=\"IMG_20260312_200553_641\" ><img decoding=\"async\" loading=\"lazy\" width=\"1210\" height=\"423\" src=\"https:\/\/hidalgodelparral.chihuahua.gob.mx\/wp-content\/uploads\/2026\/03\/IMG_20260312_200553_641-1210x423.jpg\" class=\"wp-image-10872 avia-img-lazy-loading-10872 attachment-entry_without_sidebar size-entry_without_sidebar wp-post-image\" alt=\"\" \/><\/a><\/div><div class=\"blog-meta\"><\/div><div class='entry-content-wrapper clearfix standard-content'><header class=\"entry-content-header\" aria-label=\"Post: Impulsa alcalde Salvador Calder\u00f3n Cabildo de Mujeres para fortalecer la participaci\u00f3n femenina en la toma de decisiones\"><h2 class='post-title entry-title '  itemprop=\"headline\" ><a href=\"https:\/\/hidalgodelparral.chihuahua.gob.mx\/?p=10871\" rel=\"bookmark\" title=\"Permanent Link: Impulsa alcalde Salvador Calder\u00f3n Cabildo de Mujeres para fortalecer la participaci\u00f3n femenina en la toma de decisiones\">Impulsa alcalde Salvador Calder\u00f3n Cabildo de Mujeres para fortalecer la participaci\u00f3n femenina en la toma de decisiones<span class=\"post-format-icon minor-meta\"><\/span><\/a><\/h2><span class=\"post-meta-infos\"><time class=\"date-container minor-meta updated\"  itemprop=\"datePublished\" datetime=\"2026-03-13T03:04:53+00:00\" >13 marzo, 2026<\/time><span class=\"text-sep\">\/<\/span><span class=\"blog-categories minor-meta\">in <a href=\"https:\/\/hidalgodelparral.chihuahua.gob.mx\/?cat=11\" rel=\"tag\">Instituto de la Mujer Parral<\/a><\/span><span class=\"text-sep\">\/<\/span><span class=\"blog-author minor-meta\">by <span class=\"entry-author-link\"  itemprop=\"author\" ><span class=\"author\"><span class=\"fn\"><a href=\"https:\/\/hidalgodelparral.chihuahua.gob.mx\/?author=2\" title=\"Entradas de Comunicaci\u00f3n Social\" rel=\"author\">Comunicaci\u00f3n Social<\/a><\/span><\/span><\/span><\/span><\/span><\/header><div class=\"entry-content\"  itemprop=\"text\" ><p>Se generan espacios de liderazgo que contribuyen al desarrollo de Parral<\/p>\n<p>Con el objetivo de abrir espacios de participaci\u00f3n y fortalecer la voz de las mujeres en la vida p\u00fablica, el alcalde Salvador Calder\u00f3n Aguirre impuls\u00f3, a trav\u00e9s del Instituto Municipal de la Mujer de Hidalgo del Parral, la realizaci\u00f3n del Cabildo de Mujeres, un ejercicio ciudadano que promueve su participaci\u00f3n en la toma de decisiones y reconoce su papel fundamental en el desarrollo de la comunidad.<\/p>\n<p>Esta actividad se llev\u00f3 a cabo en el marco de la conmemoraci\u00f3n del D\u00eda Internacional de la Mujer y fue posible gracias al trabajo coordinado del Instituto Municipal de la Mujer y de las 15 participantes que integraron este ejercicio, desempe\u00f1\u00e1ndose como Presidenta Municipal, S\u00edndica Municipal, Secretaria del Ayuntamiento y regidoras representantes de distintas comisiones.<\/p>\n<p>Durante la sesi\u00f3n se presentaron diversas iniciativas orientadas a fortalecer \u00e1reas clave para la sociedad, entre ellas salud, seguridad, participaci\u00f3n femenina, cultura y educaci\u00f3n, temas que reflejan el compromiso de las participantes por impulsar acciones que contribuyan al desarrollo de las mujeres y de la ciudadan\u00eda en general.<\/p>\n<p>En su mensaje, el presidente municipal Salvador Calder\u00f3n Aguirre destac\u00f3 que este espacio representa una oportunidad para reconocer el valor y la importancia de las mujeres en el tejido social y en la toma de decisiones. Se\u00f1al\u00f3 que cuando las mujeres participan y comparten sus ideas, la vida p\u00fablica se fortalece y se vuelve m\u00e1s representativa, demostrando el talento, liderazgo y capacidad que tienen las mujeres de Parral para aportar al presente y futuro de la ciudad.<\/p>\n<p>Finalmente, el Alcalde reiter\u00f3 su compromiso de continuar impulsando pol\u00edticas y espacios que promuevan la participaci\u00f3n femenina, asegurando que desde el Gobierno Municipal se seguir\u00e1 trabajando para que m\u00e1s mujeres puedan participar, proponer y decidir.<\/p>\n<p>Juntos lo Vamos a Lograr<\/p>\n<\/div><footer class=\"entry-footer\"><\/footer><div class='post_delimiter'><\/div><\/div><div class=\"post_author_timeline\"><\/div><span class='hidden'>\n\t\t\t\t<span class='av-structured-data'  itemprop=\"image\" itemscope=\"itemscope\" itemtype=\"https:\/\/schema.org\/ImageObject\" >\n\t\t\t\t\t\t<span itemprop='url'>https:\/\/hidalgodelparral.chihuahua.gob.mx\/wp-content\/uploads\/2026\/03\/IMG_20260312_200553_641.jpg<\/span>\n\t\t\t\t\t\t<span itemprop='height'>853<\/span>\n\t\t\t\t\t\t<span itemprop='width'>1280<\/span>\n\t\t\t\t<\/span>\n\t\t\t\t<span class='av-structured-data'  itemprop=\"publisher\" itemtype=\"https:\/\/schema.org\/Organization\" itemscope=\"itemscope\" >\n\t\t\t\t\t\t<span itemprop='name'>Comunicaci\u00f3n Social<\/span>\n\t\t\t\t\t\t<span itemprop='logo' itemscope itemtype='https:\/\/schema.org\/ImageObject'>\n\t\t\t\t\t\t\t<span itemprop='url'>https:\/\/hidalgodelparral.chihuahua.gob.mx\/wp-content\/uploads\/2024\/11\/logo-enfold-300x138.png<\/span>\n\t\t\t\t\t\t<\/span>\n\t\t\t\t<\/span><span class='av-structured-data'  itemprop=\"author\" itemscope=\"itemscope\" itemtype=\"https:\/\/schema.org\/Person\" ><span itemprop='name'>Comunicaci\u00f3n Social<\/span><\/span><span class='av-structured-data'  itemprop=\"datePublished\" datetime=\"2026-03-13T03:04:53+00:00\" >2026-03-13 03:04:53<\/span><span class='av-structured-data'  itemprop=\"dateModified\" itemtype=\"https:\/\/schema.org\/dateModified\" >2026-03-13 03:04:53<\/span><span class='av-structured-data'  itemprop=\"mainEntityOfPage\" itemtype=\"https:\/\/schema.org\/mainEntityOfPage\" ><span itemprop='name'>Impulsa alcalde Salvador Calder\u00f3n Cabildo de Mujeres para fortalecer la participaci\u00f3n femenina en la toma de decisiones<\/span><\/span><\/span><\/article><div class='single-big'><nav class='pagination'><span class='pagination-meta'>Page 1 of 19<\/span><span class='current'>1<\/span><a href='https:\/\/hidalgodelparral.chihuahua.gob.mx\/index.php?rest_route=%2Fwp%2Fv2%2Fpages%2F3127&#038;paged=2' class='inactive next_page' >2<\/a><a href='https:\/\/hidalgodelparral.chihuahua.gob.mx\/index.php?rest_route=%2Fwp%2Fv2%2Fpages%2F3127&#038;paged=3' class='inactive' >3<\/a><a href='https:\/\/hidalgodelparral.chihuahua.gob.mx\/index.php?rest_route=%2Fwp%2Fv2%2Fpages%2F3127&#038;paged=2'>&rsaquo;<\/a><a href='https:\/\/hidalgodelparral.chihuahua.gob.mx\/index.php?rest_route=%2Fwp%2Fv2%2Fpages%2F3127&#038;paged=19'>&raquo;<\/a><\/nav>\n<\/div><\/div><\/div>\n","protected":false},"excerpt":{"rendered":"","protected":false},"author":1,"featured_media":0,"parent":0,"menu_order":0,"comment_status":"closed","ping_status":"closed","template":"","meta":{"footnotes":""},"class_list":["post-3127","page","type-page","status-publish","hentry"],"_links":{"self":[{"href":"https:\/\/hidalgodelparral.chihuahua.gob.mx\/index.php?rest_route=\/wp\/v2\/pages\/3127","targetHints":{"allow":["GET"]}}],"collection":[{"href":"https:\/\/hidalgodelparral.chihuahua.gob.mx\/index.php?rest_route=\/wp\/v2\/pages"}],"about":[{"href":"https:\/\/hidalgodelparral.chihuahua.gob.mx\/index.php?rest_route=\/wp\/v2\/types\/page"}],"author":[{"embeddable":true,"href":"https:\/\/hidalgodelparral.chihuahua.gob.mx\/index.php?rest_route=\/wp\/v2\/users\/1"}],"replies":[{"embeddable":true,"href":"https:\/\/hidalgodelparral.chihuahua.gob.mx\/index.php?rest_route=%2Fwp%2Fv2%2Fcomments&post=3127"}],"version-history":[{"count":2,"href":"https:\/\/hidalgodelparral.chihuahua.gob.mx\/index.php?rest_route=\/wp\/v2\/pages\/3127\/revisions"}],"predecessor-version":[{"id":3129,"href":"https:\/\/hidalgodelparral.chihuahua.gob.mx\/index.php?rest_route=\/wp\/v2\/pages\/3127\/revisions\/3129"}],"wp:attachment":[{"href":"https:\/\/hidalgodelparral.chihuahua.gob.mx\/index.php?rest_route=%2Fwp%2Fv2%2Fmedia&parent=3127"}],"curies":[{"name":"wp","href":"https:\/\/api.w.org\/{rel}","templated":true}]}}