{"id":3473,"date":"2025-03-11T17:56:04","date_gmt":"2025-03-11T17:56:04","guid":{"rendered":"https:\/\/hidalgodelparral.chihuahua.gob.mx\/?page_id=3473"},"modified":"2025-03-11T17:56:04","modified_gmt":"2025-03-11T17:56:04","slug":"cultura","status":"publish","type":"page","link":"https:\/\/hidalgodelparral.chihuahua.gob.mx\/?page_id=3473","title":{"rendered":"Cultura"},"content":{"rendered":"<div id='av_section_1'  class='avia-section av-av_section-f22f0f9dd672aac3df52cf5913f6ac08 main_color avia-section-default avia-no-border-styling  avia-builder-el-0  avia-builder-el-no-sibling  avia-bg-style-scroll container_wrap fullsize'  ><div class='container av-section-cont-open' ><main  role=\"main\" itemprop=\"mainContentOfPage\"  class='template-page content  av-content-full alpha units'><div class='post-entry post-entry-type-page post-entry-3473'><div class='entry-content-wrapper clearfix'>\n<div  class='flex_column av-av_one_full-2d22dc0500e159f2b39fe7a147caf14c av_one_full  avia-builder-el-1  avia-builder-el-no-sibling  first flex_column_div  '     ><div  class='av-alb-blogposts template-blog  '  itemscope=\"itemscope\" itemtype=\"https:\/\/schema.org\/Blog\" ><article class=\"post-entry post-entry-type-standard post-entry-11055 post-loop-1 post-parity-odd single-big with-slider post-11055 post type-post status-publish format-standard has-post-thumbnail hentry category-cultura\"  itemscope=\"itemscope\" itemtype=\"https:\/\/schema.org\/BlogPosting\" ><div class=\"big-preview single-big\"  itemprop=\"image\" itemscope=\"itemscope\" itemtype=\"https:\/\/schema.org\/ImageObject\" ><a href=\"https:\/\/hidalgodelparral.chihuahua.gob.mx\/?p=11055\"  title=\"IMG-20260322-WA0093(1)\" ><img decoding=\"async\" loading=\"lazy\" width=\"1024\" height=\"423\" src=\"https:\/\/hidalgodelparral.chihuahua.gob.mx\/wp-content\/uploads\/2026\/03\/IMG-20260322-WA00931-1024x423.jpg\" class=\"wp-image-11056 avia-img-lazy-loading-11056 attachment-entry_without_sidebar size-entry_without_sidebar wp-post-image\" alt=\"\" \/><\/a><\/div><div class=\"blog-meta\"><\/div><div class='entry-content-wrapper clearfix standard-content'><header class=\"entry-content-header\" aria-label=\"Post: Gobierno de Parral fortalece alianzas culturales en gira de trabajo en Ciudad de M\u00e9xico\"><h2 class='post-title entry-title '  itemprop=\"headline\" ><a href=\"https:\/\/hidalgodelparral.chihuahua.gob.mx\/?p=11055\" rel=\"bookmark\" title=\"Permanent Link: Gobierno de Parral fortalece alianzas culturales en gira de trabajo en Ciudad de M\u00e9xico\">Gobierno de Parral fortalece alianzas culturales en gira de trabajo en Ciudad de M\u00e9xico<span class=\"post-format-icon minor-meta\"><\/span><\/a><\/h2><span class=\"post-meta-infos\"><time class=\"date-container minor-meta updated\"  itemprop=\"datePublished\" datetime=\"2026-03-23T01:13:09+00:00\" >23 marzo, 2026<\/time><span class=\"text-sep\">\/<\/span><span class=\"blog-categories minor-meta\">in <a href=\"https:\/\/hidalgodelparral.chihuahua.gob.mx\/?cat=5\" rel=\"tag\">Cultura<\/a><\/span><span class=\"text-sep\">\/<\/span><span class=\"blog-author minor-meta\">by <span class=\"entry-author-link\"  itemprop=\"author\" ><span class=\"author\"><span class=\"fn\"><a href=\"https:\/\/hidalgodelparral.chihuahua.gob.mx\/?author=2\" title=\"Entradas de Comunicaci\u00f3n Social\" rel=\"author\">Comunicaci\u00f3n Social<\/a><\/span><\/span><\/span><\/span><\/span><\/header><div class=\"entry-content\"  itemprop=\"text\" ><p>Con el objetivo de gestionar recursos, establecer alianzas y promover proyectos culturales en beneficio de la comunidad<\/p>\n<p>El Gobierno de Parral, a trav\u00e9s de su Direcci\u00f3n de Cultura, llev\u00f3 a cabo una gira de trabajo en Ciudad de M\u00e9xico con el objetivo de gestionar apoyos y consolidar alianzas en favor del desarrollo cultural del municipio. El titular de la dependencia, Carlos Silva, destac\u00f3 que estas acciones responden a las instrucciones del alcalde Salvador Calder\u00f3n.<\/p>\n<p>Como parte de la agenda, se llev\u00f3 a cabo un encuentro con el diputado Omar Antonio Barboa, integrante de la Comisi\u00f3n de Cultura y Cinematograf\u00eda, con quien se gestionaron recursos para la realizaci\u00f3n de eventos culturales. De igual manera, se dialog\u00f3 con el Lic. Sergio Gonz\u00e1lez, Secretario T\u00e9cnico de dicha comisi\u00f3n, presentando proyectos culturales para Parral, as\u00ed como temas relacionados con la reforma a la Ley de Derechos de Autor en materia de inteligencia artificial.<\/p>\n<p>Asimismo, se realizaron reuniones con la asesora del diputado Omar Antonio Barboa, integrante de la Comisi\u00f3n de Cultura de la fracci\u00f3n parlamentaria del PAN, con el objetivo de impulsar la obtenci\u00f3n de recursos y programas que fortalezcan las actividades de la Direcci\u00f3n de Cultura en Parral.<\/p>\n<p>Finalmente, se sostuvo una reuni\u00f3n con el cantante parralense Rub\u00e9n Renne, reconocido por su participaci\u00f3n en la Voz M\u00e9xico, quien actualmente presenta un espect\u00e1culo destacado. Se busca que pr\u00f3ximamente pueda presentarse en Parral, su ciudad natal.<\/p>\n<p>Juntos lo Vamos a Lograr<\/p>\n<\/div><footer class=\"entry-footer\"><\/footer><div class='post_delimiter'><\/div><\/div><div class=\"post_author_timeline\"><\/div><span class='hidden'>\n\t\t\t\t<span class='av-structured-data'  itemprop=\"image\" itemscope=\"itemscope\" itemtype=\"https:\/\/schema.org\/ImageObject\" >\n\t\t\t\t\t\t<span itemprop='url'>https:\/\/hidalgodelparral.chihuahua.gob.mx\/wp-content\/uploads\/2026\/03\/IMG-20260322-WA00931.jpg<\/span>\n\t\t\t\t\t\t<span itemprop='height'>1293<\/span>\n\t\t\t\t\t\t<span itemprop='width'>1024<\/span>\n\t\t\t\t<\/span>\n\t\t\t\t<span class='av-structured-data'  itemprop=\"publisher\" itemtype=\"https:\/\/schema.org\/Organization\" itemscope=\"itemscope\" >\n\t\t\t\t\t\t<span itemprop='name'>Comunicaci\u00f3n Social<\/span>\n\t\t\t\t\t\t<span itemprop='logo' itemscope itemtype='https:\/\/schema.org\/ImageObject'>\n\t\t\t\t\t\t\t<span itemprop='url'>https:\/\/hidalgodelparral.chihuahua.gob.mx\/wp-content\/uploads\/2024\/11\/logo-enfold-300x138.png<\/span>\n\t\t\t\t\t\t<\/span>\n\t\t\t\t<\/span><span class='av-structured-data'  itemprop=\"author\" itemscope=\"itemscope\" itemtype=\"https:\/\/schema.org\/Person\" ><span itemprop='name'>Comunicaci\u00f3n Social<\/span><\/span><span class='av-structured-data'  itemprop=\"datePublished\" datetime=\"2026-03-23T01:13:09+00:00\" >2026-03-23 01:13:09<\/span><span class='av-structured-data'  itemprop=\"dateModified\" itemtype=\"https:\/\/schema.org\/dateModified\" >2026-03-23 01:13:09<\/span><span class='av-structured-data'  itemprop=\"mainEntityOfPage\" itemtype=\"https:\/\/schema.org\/mainEntityOfPage\" ><span itemprop='name'>Gobierno de Parral fortalece alianzas culturales en gira de trabajo en Ciudad de M\u00e9xico<\/span><\/span><\/span><\/article><article class=\"post-entry post-entry-type-standard post-entry-11026 post-loop-2 post-parity-even single-big with-slider post-11026 post type-post status-publish format-standard has-post-thumbnail hentry category-cultura\"  itemscope=\"itemscope\" itemtype=\"https:\/\/schema.org\/BlogPosting\" ><div class=\"big-preview single-big\"  itemprop=\"image\" itemscope=\"itemscope\" itemtype=\"https:\/\/schema.org\/ImageObject\" ><a href=\"https:\/\/hidalgodelparral.chihuahua.gob.mx\/?p=11026\"  title=\"IMG-20260320-WA0098\" ><img decoding=\"async\" loading=\"lazy\" width=\"1024\" height=\"423\" src=\"https:\/\/hidalgodelparral.chihuahua.gob.mx\/wp-content\/uploads\/2026\/03\/IMG-20260320-WA0098-1024x423.jpg\" class=\"wp-image-11027 avia-img-lazy-loading-11027 attachment-entry_without_sidebar size-entry_without_sidebar wp-post-image\" alt=\"\" \/><\/a><\/div><div class=\"blog-meta\"><\/div><div class='entry-content-wrapper clearfix standard-content'><header class=\"entry-content-header\" aria-label=\"Post: Invita Gobierno de Parral a evento cultural sobre la etnia rar\u00e1muri\"><h2 class='post-title entry-title '  itemprop=\"headline\" ><a href=\"https:\/\/hidalgodelparral.chihuahua.gob.mx\/?p=11026\" rel=\"bookmark\" title=\"Permanent Link: Invita Gobierno de Parral a evento cultural sobre la etnia rar\u00e1muri\">Invita Gobierno de Parral a evento cultural sobre la etnia rar\u00e1muri<span class=\"post-format-icon minor-meta\"><\/span><\/a><\/h2><span class=\"post-meta-infos\"><time class=\"date-container minor-meta updated\"  itemprop=\"datePublished\" datetime=\"2026-03-20T18:18:43+00:00\" >20 marzo, 2026<\/time><span class=\"text-sep\">\/<\/span><span class=\"blog-categories minor-meta\">in <a href=\"https:\/\/hidalgodelparral.chihuahua.gob.mx\/?cat=5\" rel=\"tag\">Cultura<\/a><\/span><span class=\"text-sep\">\/<\/span><span class=\"blog-author minor-meta\">by <span class=\"entry-author-link\"  itemprop=\"author\" ><span class=\"author\"><span class=\"fn\"><a href=\"https:\/\/hidalgodelparral.chihuahua.gob.mx\/?author=2\" title=\"Entradas de Comunicaci\u00f3n Social\" rel=\"author\">Comunicaci\u00f3n Social<\/a><\/span><\/span><\/span><\/span><\/span><\/header><div class=\"entry-content\"  itemprop=\"text\" ><p>La actividad incluir\u00e1 una bendici\u00f3n con fuego y una charla hist\u00f3rica abierta al p\u00fablico en la Plaza Guillermo Baca<\/p>\n<p>El Gobierno de Parral, a trav\u00e9s de la Direcci\u00f3n de Cultura, invita a la ciudadan\u00eda a participar en la bendici\u00f3n con fuego y charla sobre la historia de la etnia rar\u00e1muri, evento que busca promover el conocimiento y la valoraci\u00f3n de las tradiciones ind\u00edgenas de la regi\u00f3n.<\/p>\n<p>La actividad se llevar\u00e1 a cabo este domingo 22 de marzo a las 5:30 de la tarde en la Plaza Guillermo Baca, donde asistentes podr\u00e1n conocer m\u00e1s sobre las ra\u00edces, y costumbres del pueblo rar\u00e1muri en un ambiente cultural y de respeto.<\/p>\n<p>Con este tipo de iniciativas, el Gobierno de Parral refrenda su compromiso con la difusi\u00f3n de la riqueza cultural y el fortalecimiento de la identidad regional, invitando a las familias a formar parte de este importante encuentro.<\/p>\n<p>Juntos lo Vamos a Lograr<\/p>\n<\/div><footer class=\"entry-footer\"><\/footer><div class='post_delimiter'><\/div><\/div><div class=\"post_author_timeline\"><\/div><span class='hidden'>\n\t\t\t\t<span class='av-structured-data'  itemprop=\"image\" itemscope=\"itemscope\" itemtype=\"https:\/\/schema.org\/ImageObject\" >\n\t\t\t\t\t\t<span itemprop='url'>https:\/\/hidalgodelparral.chihuahua.gob.mx\/wp-content\/uploads\/2026\/03\/IMG-20260320-WA0098.jpg<\/span>\n\t\t\t\t\t\t<span itemprop='height'>1280<\/span>\n\t\t\t\t\t\t<span itemprop='width'>1024<\/span>\n\t\t\t\t<\/span>\n\t\t\t\t<span class='av-structured-data'  itemprop=\"publisher\" itemtype=\"https:\/\/schema.org\/Organization\" itemscope=\"itemscope\" >\n\t\t\t\t\t\t<span itemprop='name'>Comunicaci\u00f3n Social<\/span>\n\t\t\t\t\t\t<span itemprop='logo' itemscope itemtype='https:\/\/schema.org\/ImageObject'>\n\t\t\t\t\t\t\t<span itemprop='url'>https:\/\/hidalgodelparral.chihuahua.gob.mx\/wp-content\/uploads\/2024\/11\/logo-enfold-300x138.png<\/span>\n\t\t\t\t\t\t<\/span>\n\t\t\t\t<\/span><span class='av-structured-data'  itemprop=\"author\" itemscope=\"itemscope\" itemtype=\"https:\/\/schema.org\/Person\" ><span itemprop='name'>Comunicaci\u00f3n Social<\/span><\/span><span class='av-structured-data'  itemprop=\"datePublished\" datetime=\"2026-03-20T18:18:43+00:00\" >2026-03-20 18:18:43<\/span><span class='av-structured-data'  itemprop=\"dateModified\" itemtype=\"https:\/\/schema.org\/dateModified\" >2026-03-20 18:18:43<\/span><span class='av-structured-data'  itemprop=\"mainEntityOfPage\" itemtype=\"https:\/\/schema.org\/mainEntityOfPage\" ><span itemprop='name'>Invita Gobierno de Parral a evento cultural sobre la etnia rar\u00e1muri<\/span><\/span><\/span><\/article><article class=\"post-entry post-entry-type-standard post-entry-10983 post-loop-3 post-parity-odd post-entry-last single-big with-slider post-10983 post type-post status-publish format-standard has-post-thumbnail hentry category-cultura category-presidencia\"  itemscope=\"itemscope\" itemtype=\"https:\/\/schema.org\/BlogPosting\" ><div class=\"big-preview single-big\"  itemprop=\"image\" itemscope=\"itemscope\" itemtype=\"https:\/\/schema.org\/ImageObject\" ><a href=\"https:\/\/hidalgodelparral.chihuahua.gob.mx\/?p=10983\"  title=\"IMG-20260318-WA0078\" ><img decoding=\"async\" loading=\"lazy\" width=\"1024\" height=\"423\" src=\"https:\/\/hidalgodelparral.chihuahua.gob.mx\/wp-content\/uploads\/2026\/03\/IMG-20260318-WA0078-1024x423.jpg\" class=\"wp-image-10985 avia-img-lazy-loading-10985 attachment-entry_without_sidebar size-entry_without_sidebar wp-post-image\" alt=\"\" \/><\/a><\/div><div class=\"blog-meta\"><\/div><div class='entry-content-wrapper clearfix standard-content'><header class=\"entry-content-header\" aria-label=\"Post: Gobierno de Parral invita a disfrutar de la obra \u201cDesconectar para Conectar\u201d\"><h2 class='post-title entry-title '  itemprop=\"headline\" ><a href=\"https:\/\/hidalgodelparral.chihuahua.gob.mx\/?p=10983\" rel=\"bookmark\" title=\"Permanent Link: Gobierno de Parral invita a disfrutar de la obra \u201cDesconectar para Conectar\u201d\">Gobierno de Parral invita a disfrutar de la obra \u201cDesconectar para Conectar\u201d<span class=\"post-format-icon minor-meta\"><\/span><\/a><\/h2><span class=\"post-meta-infos\"><time class=\"date-container minor-meta updated\"  itemprop=\"datePublished\" datetime=\"2026-03-18T17:35:25+00:00\" >18 marzo, 2026<\/time><span class=\"text-sep\">\/<\/span><span class=\"blog-categories minor-meta\">in <a href=\"https:\/\/hidalgodelparral.chihuahua.gob.mx\/?cat=5\" rel=\"tag\">Cultura<\/a>, <a href=\"https:\/\/hidalgodelparral.chihuahua.gob.mx\/?cat=1\" rel=\"tag\">Presidencia<\/a><\/span><span class=\"text-sep\">\/<\/span><span class=\"blog-author minor-meta\">by <span class=\"entry-author-link\"  itemprop=\"author\" ><span class=\"author\"><span class=\"fn\"><a href=\"https:\/\/hidalgodelparral.chihuahua.gob.mx\/?author=2\" title=\"Entradas de Comunicaci\u00f3n Social\" rel=\"author\">Comunicaci\u00f3n Social<\/a><\/span><\/span><\/span><\/span><\/span><\/header><div class=\"entry-content\"  itemprop=\"text\" ><p>Evento gratuito busca fomentar la reflexi\u00f3n y la convivencia social a trav\u00e9s del teatro<\/p>\n<p>El Gobierno de Parral, a trav\u00e9s de la Direcci\u00f3n de Cultura, invita cordialmente a la ciudadan\u00eda a asistir a la puesta en escena \u201cDesconectar para Conectar\u201d, que se presentar\u00e1 este pr\u00f3ximo jueves 19 de marzo a las 7:00 de la tarde en el Teatro de C\u00e1mara Gloria Campobello.<\/p>\n<p>Esta actividad cultural forma parte de los esfuerzos del municipio por promover espacios de expresi\u00f3n art\u00edstica y reflexi\u00f3n social, brindando a las y los parralenses la oportunidad de disfrutar de propuestas esc\u00e9nicas con mensaje y contenido significativo.<\/p>\n<p>La obra estar\u00e1 a cargo de la Escuela de Enfermer\u00eda adscrita al Hospital de Jes\u00fas, quienes compartir\u00e1n con el p\u00fablico una propuesta teatral que invita a reconectar con lo esencial en tiempos de constante distracci\u00f3n digital. La entrada ser\u00e1 completamente gratuita.<\/p>\n<p>Juntos lo Vamos a Lograr<\/p>\n<\/div><footer class=\"entry-footer\"><\/footer><div class='post_delimiter'><\/div><\/div><div class=\"post_author_timeline\"><\/div><span class='hidden'>\n\t\t\t\t<span class='av-structured-data'  itemprop=\"image\" itemscope=\"itemscope\" itemtype=\"https:\/\/schema.org\/ImageObject\" >\n\t\t\t\t\t\t<span itemprop='url'>https:\/\/hidalgodelparral.chihuahua.gob.mx\/wp-content\/uploads\/2026\/03\/IMG-20260318-WA0078.jpg<\/span>\n\t\t\t\t\t\t<span itemprop='height'>1280<\/span>\n\t\t\t\t\t\t<span itemprop='width'>1024<\/span>\n\t\t\t\t<\/span>\n\t\t\t\t<span class='av-structured-data'  itemprop=\"publisher\" itemtype=\"https:\/\/schema.org\/Organization\" itemscope=\"itemscope\" >\n\t\t\t\t\t\t<span itemprop='name'>Comunicaci\u00f3n Social<\/span>\n\t\t\t\t\t\t<span itemprop='logo' itemscope itemtype='https:\/\/schema.org\/ImageObject'>\n\t\t\t\t\t\t\t<span itemprop='url'>https:\/\/hidalgodelparral.chihuahua.gob.mx\/wp-content\/uploads\/2024\/11\/logo-enfold-300x138.png<\/span>\n\t\t\t\t\t\t<\/span>\n\t\t\t\t<\/span><span class='av-structured-data'  itemprop=\"author\" itemscope=\"itemscope\" itemtype=\"https:\/\/schema.org\/Person\" ><span itemprop='name'>Comunicaci\u00f3n Social<\/span><\/span><span class='av-structured-data'  itemprop=\"datePublished\" datetime=\"2026-03-18T17:35:25+00:00\" >2026-03-18 17:35:25<\/span><span class='av-structured-data'  itemprop=\"dateModified\" itemtype=\"https:\/\/schema.org\/dateModified\" >2026-03-18 17:35:25<\/span><span class='av-structured-data'  itemprop=\"mainEntityOfPage\" itemtype=\"https:\/\/schema.org\/mainEntityOfPage\" ><span itemprop='name'>Gobierno de Parral invita a disfrutar de la obra \u201cDesconectar para Conectar\u201d<\/span><\/span><\/span><\/article><div class='single-big'><nav class='pagination'><span class='pagination-meta'>Page 1 of 23<\/span><span class='current'>1<\/span><a href='https:\/\/hidalgodelparral.chihuahua.gob.mx\/index.php?rest_route=%2Fwp%2Fv2%2Fpages%2F3473&#038;paged=2' class='inactive next_page' >2<\/a><a href='https:\/\/hidalgodelparral.chihuahua.gob.mx\/index.php?rest_route=%2Fwp%2Fv2%2Fpages%2F3473&#038;paged=3' class='inactive' >3<\/a><a href='https:\/\/hidalgodelparral.chihuahua.gob.mx\/index.php?rest_route=%2Fwp%2Fv2%2Fpages%2F3473&#038;paged=2'>&rsaquo;<\/a><a href='https:\/\/hidalgodelparral.chihuahua.gob.mx\/index.php?rest_route=%2Fwp%2Fv2%2Fpages%2F3473&#038;paged=23'>&raquo;<\/a><\/nav>\n<\/div><\/div><\/div>\n","protected":false},"excerpt":{"rendered":"","protected":false},"author":1,"featured_media":0,"parent":0,"menu_order":0,"comment_status":"closed","ping_status":"closed","template":"","meta":{"footnotes":""},"class_list":["post-3473","page","type-page","status-publish","hentry"],"_links":{"self":[{"href":"https:\/\/hidalgodelparral.chihuahua.gob.mx\/index.php?rest_route=\/wp\/v2\/pages\/3473","targetHints":{"allow":["GET"]}}],"collection":[{"href":"https:\/\/hidalgodelparral.chihuahua.gob.mx\/index.php?rest_route=\/wp\/v2\/pages"}],"about":[{"href":"https:\/\/hidalgodelparral.chihuahua.gob.mx\/index.php?rest_route=\/wp\/v2\/types\/page"}],"author":[{"embeddable":true,"href":"https:\/\/hidalgodelparral.chihuahua.gob.mx\/index.php?rest_route=\/wp\/v2\/users\/1"}],"replies":[{"embeddable":true,"href":"https:\/\/hidalgodelparral.chihuahua.gob.mx\/index.php?rest_route=%2Fwp%2Fv2%2Fcomments&post=3473"}],"version-history":[{"count":2,"href":"https:\/\/hidalgodelparral.chihuahua.gob.mx\/index.php?rest_route=\/wp\/v2\/pages\/3473\/revisions"}],"predecessor-version":[{"id":3475,"href":"https:\/\/hidalgodelparral.chihuahua.gob.mx\/index.php?rest_route=\/wp\/v2\/pages\/3473\/revisions\/3475"}],"wp:attachment":[{"href":"https:\/\/hidalgodelparral.chihuahua.gob.mx\/index.php?rest_route=%2Fwp%2Fv2%2Fmedia&parent=3473"}],"curies":[{"name":"wp","href":"https:\/\/api.w.org\/{rel}","templated":true}]}}